{"id":94,"date":"2019-10-08T18:47:22","date_gmt":"2019-10-08T18:47:22","guid":{"rendered":"https:\/\/nachtlichtcon.de\/?page_id=94"},"modified":"2022-01-17T14:28:41","modified_gmt":"2022-01-17T14:28:41","slug":"duesseldorf-entdecken","status":"publish","type":"page","link":"https:\/\/nachtlichtcon.de\/?page_id=94","title":{"rendered":"D\u00fcsseldorf entdecken"},"content":{"rendered":"\n<p>Am direkt gegen\u00fcberliegenden Ufer des Rheins k\u00f6nnt ihr viele Sehensw\u00fcrdigkeiten von D\u00fcsseldorf entdecken. Einfach mit Bus und Bahn oder zu Fu\u00df 20 Minuten \u00fcber die Rheinkniebr\u00fccke und schon seit ihr fast in der Altstadt. <\/p>\n\n\n\n<p>Von der Br\u00fccke aus geht es direkt nach rechts zum Rheinturm, dort k\u00f6nnt ihr eine Aussicht \u00fcber ganz D\u00fcsseldorf bekommen und im Restaurant etwas essen. An der Au\u00dfenfassade zeigt der Rheintum die Uhrzeit an &#8211; wisst ihr, wie man sie liest?<\/p>\n\n\n\n<p>Von der Rheinkniebr\u00fccke aus nach links kommt ihre direkt am Rheinufer vorbei. Die Rheinpromenade f\u00fchrt euch vorbei an der Pegeluhr, die nicht nur die Uhrzeit, sondern auch den aktuellen Wasserstand anzeigt. Weiter geht es zu den Kasematten, wo man mit Blick auf Containerschiffe gem\u00fctlich essen und trinken kann.<img decoding=\"async\" loading=\"lazy\" width=\"2560\" height=\"1920\" class=\"wp-image-435\" style=\"width: 150px;\" src=\"https:\/\/nachtlichtcon.de\/wp-content\/uploads\/2022\/01\/20170104_143353727_iOS-scaled.jpg\" alt=\"\" srcset=\"https:\/\/nachtlichtcon.de\/wp-content\/uploads\/2022\/01\/20170104_143353727_iOS-scaled.jpg 2560w, https:\/\/nachtlichtcon.de\/wp-content\/uploads\/2022\/01\/20170104_143353727_iOS-300x225.jpg 300w, https:\/\/nachtlichtcon.de\/wp-content\/uploads\/2022\/01\/20170104_143353727_iOS-1024x768.jpg 1024w, https:\/\/nachtlichtcon.de\/wp-content\/uploads\/2022\/01\/20170104_143353727_iOS-768x576.jpg 768w, https:\/\/nachtlichtcon.de\/wp-content\/uploads\/2022\/01\/20170104_143353727_iOS-1536x1152.jpg 1536w, https:\/\/nachtlichtcon.de\/wp-content\/uploads\/2022\/01\/20170104_143353727_iOS-2048x1536.jpg 2048w\" sizes=\"(max-width: 2560px) 100vw, 2560px\" \/><\/p>\n\n\n\n<p>Ein kleines T\u00fcrmchen markiert den Eingang zur l\u00e4ngsten Theke der Welt. Bei dem T\u00fcrmchen handelt es sich um das Schifffahrtsmuseum und die l\u00e4ngste Theke der Welt ist eine Ansammlung verschiedener Kneipen, Brauereien und Gastronomiebetrieben. <img decoding=\"async\" loading=\"lazy\" width=\"1920\" height=\"2560\" class=\"wp-image-434\" style=\"width: 150px;\" src=\"https:\/\/nachtlichtcon.de\/wp-content\/uploads\/2022\/01\/IMG_8461-scaled.jpg\" alt=\"\" srcset=\"https:\/\/nachtlichtcon.de\/wp-content\/uploads\/2022\/01\/IMG_8461-scaled.jpg 1920w, https:\/\/nachtlichtcon.de\/wp-content\/uploads\/2022\/01\/IMG_8461-225x300.jpg 225w, https:\/\/nachtlichtcon.de\/wp-content\/uploads\/2022\/01\/IMG_8461-768x1024.jpg 768w, https:\/\/nachtlichtcon.de\/wp-content\/uploads\/2022\/01\/IMG_8461-1152x1536.jpg 1152w, https:\/\/nachtlichtcon.de\/wp-content\/uploads\/2022\/01\/IMG_8461-1536x2048.jpg 1536w\" sizes=\"(max-width: 1920px) 100vw, 1920px\" \/><\/p>\n","protected":false},"excerpt":{"rendered":"<p>Am direkt gegen\u00fcberliegenden Ufer des Rheins k\u00f6nnt ihr viele Sehensw\u00fcrdigkeiten von D\u00fcsseldorf entdecken. Einfach mit Bus und Bahn oder zu Fu\u00df 20 Minuten \u00fcber die Rheinkniebr\u00fccke und schon seit ihr fast in der Altstadt. Von der Br\u00fccke aus geht es direkt nach rechts zum Rheinturm, dort k\u00f6nnt ihr eine Aussicht \u00fcber ganz D\u00fcsseldorf bekommen und<\/p>\n<p><a href=\"https:\/\/nachtlichtcon.de\/?page_id=94\" class=\"more-link\">Weiterlesen<\/a><\/p>\n","protected":false},"author":2,"featured_media":0,"parent":0,"menu_order":0,"comment_status":"closed","ping_status":"closed","template":"","meta":{"footnotes":""},"_links":{"self":[{"href":"https:\/\/nachtlichtcon.de\/index.php?rest_route=\/wp\/v2\/pages\/94"}],"collection":[{"href":"https:\/\/nachtlichtcon.de\/index.php?rest_route=\/wp\/v2\/pages"}],"about":[{"href":"https:\/\/nachtlichtcon.de\/index.php?rest_route=\/wp\/v2\/types\/page"}],"author":[{"embeddable":true,"href":"https:\/\/nachtlichtcon.de\/index.php?rest_route=\/wp\/v2\/users\/2"}],"replies":[{"embeddable":true,"href":"https:\/\/nachtlichtcon.de\/index.php?rest_route=%2Fwp%2Fv2%2Fcomments&post=94"}],"version-history":[{"count":3,"href":"https:\/\/nachtlichtcon.de\/index.php?rest_route=\/wp\/v2\/pages\/94\/revisions"}],"predecessor-version":[{"id":436,"href":"https:\/\/nachtlichtcon.de\/index.php?rest_route=\/wp\/v2\/pages\/94\/revisions\/436"}],"wp:attachment":[{"href":"https:\/\/nachtlichtcon.de\/index.php?rest_route=%2Fwp%2Fv2%2Fmedia&parent=94"}],"curies":[{"name":"wp","href":"https:\/\/api.w.org\/{rel}","templated":true}]}}