{"id":92,"date":"2019-10-08T18:48:03","date_gmt":"2019-10-08T18:48:03","guid":{"rendered":"https:\/\/nachtlichtcon.de\/?page_id=92"},"modified":"2019-11-25T08:53:15","modified_gmt":"2019-11-25T08:53:15","slug":"regeln","status":"publish","type":"page","link":"https:\/\/nachtlichtcon.de\/?page_id=92","title":{"rendered":"Besucher Regeln"},"content":{"rendered":"\n<h4 class=\"wp-block-heading\">Stand: Oktober 2019<\/h4>\n\n\n\n<p>Es gibt einige Hausregeln der Jugendherberge und einige eigene Regeln, die dazu f\u00fchren sollen, dass sich alle Besucher der Nachtlichtcon wohlf\u00fchren. Bitte lest sie sorgf\u00e4ltig, da die Zustimmung zu diesen Regeln Bedingung daf\u00fcr ist, dass ihr an der Con teilnehmen k\u00f6nnt. <\/p>\n\n\n\n<p>Die meisten Regeln sind nicht aus konkreten Vorf\u00e4llen erwachsen, sondern stammen aus Erfahrungen des Teams von anderen Events. Wir behalten es uns vor, Besucher von der Veranstaltung auszuschlie\u00dfen, wenn sie sich nicht an diese Regeln halten. Bei Ausschluss besteht kein Anspruch auf Wiedergutmachung oder Erstattung des Ticketpreises. Bei geringf\u00fcgigen Verst\u00f6\u00dfen behalten wir es uns vor, eine Verwarnung auszuprechen und r\u00e4umen die M\u00f6glichkeit ein, die Veranstaltung selbstst\u00e4ndig zu verlassen. Wir behalten es uns vor, bei unangemessenem Cosplay, die entsprechende Person dazu aufzufordern, ihr Kost\u00fcm noch einmal zu \u00e4ndern, bevor sie die Veranstaltung betreten darf.  Die Entscheidung, ob eine Person die Regeln missachtet, obliegt der Orga der Nachtlicht Con.<\/p>\n\n\n\n<p>Diese Regeln k\u00f6nnen sich jederzeit vor dem Event noch ver\u00e4ndern. Es ist also notwendig, sie vor dem Besuch noch einmal durchzulesen.<\/p>\n\n\n\n<p>Die Nachtlicht Con ist eine geschlossene Privatveranstaltung. Tickets k\u00f6nnen nur im Voraus gekauft werden und sind limitert. Mit dem Kauf des Tickets wird den hier genannten Regeln zugestimmt.<br><\/p>\n\n\n\n<p>Falls einige Regeln unklar sein sollten, schreibt gerne an <a href=\"mail@nachtlichcon.de\">mail@nachtlichcon.de<\/a> oder fragt einen der Organisatoren am Tag der Con.  <\/p>\n\n\n\n<h2 class=\"wp-block-heading\" id=\"general-rules\">Grunds\u00e4tzliche Regeln<\/h2>\n\n\n\n<p>Die Nachtlich Con ist eine Veranstaltung f\u00fcr Fans von My little Pony jeglichen Alters. Die Con soll f\u00fcr alle Besucher eine sch\u00f6ne Zeit bieten, unabh\u00e4ngig von Alter, Geschlecht oder Einschr\u00e4nkung. Bitte denkt bei allem was ihr tut oder sagt daran, dass ihr den anderen nicht die Freude an der Veranstaltung nehmt.<\/p>\n\n\n\n<ul><li> Verhalte dich w\u00e4hrend eines Workshops oder Panels (sofern diese stattfinden) respektvoll und unterbreche den Moderator nicht absichtlich. Nat\u00fcrlich kannst du gerne Fragen stellen, wenn du dazu aufgefordert wirst. Auch wenn du etwas wichtiges zu sagen hast. <\/li><li>Bitte versammelt euch nicht vor dem Eingangsbereich oder im Treppenhaus des Convention Raumes. Die Lobby der Jugendherberge und der Eventraum bieten M\u00f6glichkeiten zum Sitzen. <\/li><li> Bitte achtet darauf, R\u00fccksicht auf die Menschen in deiner Umgebung zu nehmen. Lautes Schreien kann beispielsweise anngsteinfl\u00f6\u00dfend auf Kinder wirken.    <\/li><li> Eindeutig beleidigende Sprache  oder Gesten sind zu unterlassen. <\/li><li> TeilnehmerInnen im Alter von 13 oder darunter m\u00fcssen von einem erwachsenen Besucher begleitet und beaufsichtigt werden.  <\/li><\/ul>\n\n\n\n<h2 class=\"wp-block-heading\" id=\"cosplay-rules\">Cosplay Regeln<\/h2>\n\n\n\n<p>Alle TeilnehmerInnen m\u00fcssen sich \u00fcberlegen, ob ihr Kost\u00fcm, ihre Waffen oder Accessoires f\u00fcr ein familienfreundliches Event mit Kindern geeignet sind. Wenn du Sorge hast, dass ein Teil deines Outfits bei anderen Besuchern ein schlechtes oder bsch\u00e4mendes Gef\u00fchl ausl\u00f6st, dann lass es bitte zuhause.<\/p>\n\n\n\n<p>Jegliche Art von real aussehenden Waffen oder offensichtlichen Spielzeugwaffen sind verboten. Bitte schaut nach, ob eure Waffe zu den verbotenen Gegenst\u00e4nden geh\u00f6rt, dann lasst sie lieber daheim.<\/p>\n\n\n\n<p>Wir m\u00f6chten keine Kost\u00fcme bei der Nachtlicht Con, die folgende Themen bedienen: Obsz\u00f6nit\u00e4ten, Sexuella Handlungen, Diskriminierung, Uniformen und Embleme oder Flaggen, die im Kontext von Verbrechen gegen die Menschheit verwendet werden. Metallbeschlagene Sohlen d\u00fcrfen nicht getragen werden, da sie den Boden des Convention Raumes besch\u00e4digen k\u00f6nnten.<\/p>\n\n\n\n<p>Body Paint ist nicht zul\u00e4ssig. Gesichtsbemalung ist zul\u00e4ssig, solange gew\u00e4hrleistet werden kann, dasss keinerlei Farbe die Einrichtung des Conventionraumes oder die pers\u00f6nlichen Gegenst\u00e4nde eines H\u00e4ndlers\/Besuchers verschmutzt. Das gilt ebenso f\u00fcr Farbe oder Gliter, die von einem Cosplay abgerieben werden k\u00f6nnen.<\/p>\n\n\n\n<p> Falls du dich unwohl aufgrund eines bestimmten Kost\u00fcmes f\u00fchlst, sprich bitte mit einem Orgamitglied.<\/p>\n\n\n\n<h2 class=\"wp-block-heading\">Bring and Buy Regeln<\/h2>\n\n\n\n<p>Angeboten werden darf alles, das einen Bezug zu My little Pony hat. Es d\u00fcrfen maximal 10 Artikel verkauft werden. Dabei kann ein Artikel auch aus mehreren einzelnen Gegenst\u00e4nden bestehen (m\u00fcssen zusammengebunden\/zusammengeklebt oder in einer T\u00fcte verpackt werden). Jeder Artikel bekommt eine genaue Bezeichnung zur sp\u00e4teren Identifikation.<\/p>\n\n\n\n<p>Alle Artikel m\u00fcssen auf der von der Nachtlicht Con vorgebenen Liste mit Preis lesbar aufgef\u00fchrt werden, dabei muss der Artikelname eindeutig sein. Die Artikel werden mit einem Preisschild ausgezeichnet. Listen und Preisschilden k\u00f6nnen auf der Veranstaltung beim Bring and Buy kostenlos abgeholt werden. Die Liste muss vollst\u00e4ndig ausgef\u00fcllt werden, damit eine Auszahlung bei Abholung gew\u00e4hrleistet werden kann. Preisschilder sollen so angebracht werden, dass sie den Artikel nicht besch\u00e4digen und sich nicht l\u00f6sen. Ein Artikel ohne Preisschild muss solange vom Verkauf ausgeschlossen werden, bis dieses wieder aufgetaucht oder neu angebracht wurde.  <\/p>\n\n\n\n<p>Die Abgabe und Abholung der Artikel muss w\u00e4hrend der \u00d6ffnungszeiten der Bring and Buy stattfinden. Die Listennummer muss bekannt sein, um Artikel abzuholen. Die Verkaufsgeb\u00fchr betr\u00e4gt 10% der Einnahmen. Das Geld wird in bar ausgegeben und der Erhalt mit einer Unterschrift best\u00e4tigt. Bei der Abgabe werden die Liste und die abgegeben Gegenst\u00e4nde miteinander verglichen. Der Verk\u00e4ufer muss dabei anwesend sein, ansonsten werden seine Verkaufsgegenst\u00e4nde nicht angenommen.<\/p>\n\n\n\n<p>Gekaufte Artikel sind vom Umtausch und von einer Reklamation ausgeschlossen. F\u00fcr verschwundene\/gestohlene Ware wird keine Haftung \u00fcbernommen. Das Recht auf Auszahlung des Warenwerts besteht NICHT! Wir \u00fcbernehmen keine Verantwortung f\u00fcr Klebereste oder andere entstandene Sch\u00e4den.<\/p>\n\n\n\n<p>Folgende Artikel d\u00fcrfen nicht angeboten werden:<\/p>\n\n\n\n<ul><li>Artikel, deren Verkauf in Deutschland nicht gestattet sind. Dies f\u00fchrt zum sofortigen Ausschluss von der Veranstaltung und einem Anruf bei der Polizei.    <\/li><li>Jegliche Artikel, die beleidigend, gewaltverherrlichend, sexuell erregend oder nur f\u00fcr ein erwachsenes Publikum geeignet ist.<\/li><li>Jegliche Artikel, die essbar oder trinkbar sind.<\/li><li>Jegliche Artikel, die Besch\u00e4digungen am Veranstaltungsort hinterlassen k\u00f6nnen, vor allem Fl\u00fcssigkeiten, die Flecken hinterlassen k\u00f6nnen.<\/li><li>Gef\u00e4hrliche oder illegale Artikel, beispielsweise :         <ul><li> Jede Art von realistischer Imitation einer Feuerwaffe <\/li><li> Airsoft oder Paintball Guns<\/li><li>Spielzeug Gewehre oder Pistolen<\/li><li>Schaumstoff Gewehre oder Pistolen (wie z.B. NERF Pistolen) <\/li><li>Artikel mit Klingen, dies beinhaltet auch Taschenmessen und Multitools, die eine Klinge besitzen<\/li><li>Laserpointer<\/li><li>Jegliche Artikel die bereits bei den Besucherregeln als verboten eingestuft werden  <\/li><\/ul><\/li><\/ul>\n\n\n\n<p>Die Entscheidung, ob ein Artikel auf der Veranstaltung angeboten werden darf, obliegt dem Orgateam<\/p>\n\n\n\n<h2 class=\"wp-block-heading\" id=\"prohibited-items\">Verbotene Gegenst\u00e4nde<\/h2>\n\n\n\n<p>   Die folgenden Gegenst\u00e4nde d\u00fcrfen leider nicht mitgenommen werden: <\/p>\n\n\n\n<ul><li>Dinge die gr\u00f6\u00dfer als 1m sind (in allen Dimensionen), bis auf St\u00e4be, diese d\u00fcrfen bis 1,8m lang sein<\/li><li><strong>alle unrealistischen Waffen oder Spielzeugwaffen, auch wenn sie zu einem Cosplay geh\u00f6ren <\/strong><\/li><li>Jede Art von realistischer Imitation einer Feuerwaffe<\/li><li>Airsoft oder Paintball Guns<\/li><li>Spielzeug Gewehre oder Pistolen<\/li><li>Schaumstoff Gewehre oder Pistolen (wie z.B. NERF Pistolen)<\/li><li>Wasserpistolen<\/li><li>Munition f\u00fcr Airsoft Waffen, Paintball Waffen, Spielzeugwaffen oder Schaumstoff Gewehre\/Pistolen<\/li><li>Gasflaschen oder gasgef\u00fcllte Spr\u00fchflaschen<\/li><li>Schl\u00e4ger, Paddel, Keulen oder andere Schlagwaffen, inklusive Hammer oder Baseballschl\u00e4ger<\/li><li>Gegenst\u00e4nde mit Metallklinge, egal wie scharf diese sind, inklusive Taschenmessern und Multitools mit einer Klinge<\/li><li>Laserpointer<\/li><li>Funktionelle und nicht funktionelle B\u00f6gen oder Armbr\u00fcste<\/li><li>Schleudern oder Katapulte<\/li><li>Gegenst\u00e4nde mit scharfen Kanten oder Ecken<\/li><li>Metalbeschlagene Schuhe z.b. Hufeisen<\/li><li>Alle anderen Gegenst\u00e4nde, die laut deutschem Gesetzt nicht mit sich gef\u00fchrt werden d\u00fcrfen<\/li><\/ul>\n\n\n\n<p> Inline Skates, Rollschuhe, Skateboards, Roller, Hover Board und andere \u00e4hnliche Fahrzeuge d\u00fcrfen nicht zur Nachtlicht Con mitgebracht werden. Rollst\u00fchle und Elektromobile f\u00fcr Menschen, die mobil eingeschr\u00e4nkt sind, d\u00fcrfen genutzt werden.<\/p>\n\n\n\n<p>Jeder, der verbotene Gegenst\u00e4nde mit zur Con nimmt, wird dazu aufgefordert, die Con sofort zu verlassen. Je nachdem wie die Orga entscheidet kann die Person wiederkommen, wenn sie den entsprechenden Gegenstand vom Congel\u00e4nde entfernen. Falls es zu einer Gef\u00e4hrdung der allegmeinen Sicherheit der Besucher der Con kommt, beh\u00e4lt sich das Orgateam vor, die Polizei einzuschalten. <\/p>\n\n\n\n<p>Es kann vorkommen, dass Besucher unter bestimmten Umst\u00e4nden Gegenst\u00e4nde, die laut Regeln verboten sind, mitbringen d\u00fcrfen, Diese Ausnahmen sind mit der Orga abgestimmt. Jemand der einen verbotenen Gegenstand mitbringt und sich dann damit entschuldigt, dass er jemand anderen auch mit diesem Gegenstand gesehen hat, macht sich des Regelbruchs schuldig.  <\/p>\n\n\n\n<h2 class=\"wp-block-heading\" id=\"photography\">Photografie und Video Regeln<\/h2>\n\n\n\n<p>Fotos und Videos, die auf der Nachtlicht Con aufgenommen wurden, sind f\u00fcr den pers\u00f6nlichen, nicht kommerziellen Gebrauch bestimmt , solange es keine weiteren Absprachen gab. Alle Regeln in diesem Absatz gelten sowohl f\u00fcr Fotografien, als auch f\u00fcr Videoaufnahmen.<\/p>\n\n\n\n<p>Wir wissen, dass einige Besucher ihren Conbesuch mit Fotografien oder Videos live dokumentieren m\u00f6chten. Wir bitten euch nur die Menschen zu fotografieren oder zu filmen, die dies auch m\u00f6chten. <\/p>\n\n\n\n<p>Bitte frage auch H\u00e4ndler, ob du ihren Stand fotografieren darfst.<\/p>\n\n\n\n<p>Falls einE BesucherIN ein Bild sehen m\u00f6chte, das du von ihm angefertigt hast, musst du es ihm\/ihr zeigen. Wenn sie\/er es gel\u00f6scht haben m\u00f6chte, dann l\u00f6sche es.  Falls du ein Video gemacht hast, gilt dies ebenso. Du kannst dich aber vielleicht auch mit der betroffenen Person einigen, dass sie sp\u00e4ter herausgeschnitten wird.<\/p>\n\n\n\n<p>Kinder d\u00fcrfen nur mit dem Einverst\u00e4ndnis des Erziehungsbereichtigten fotografiert werden.<\/p>\n\n\n\n<p>Falls du bei einem Wettbewerb den B\u00fchnen-\/Pr\u00e4sentationsbereich betritts, musst du damit rechnen fotografiert oder gefilmt zu werden.<\/p>\n\n\n\n<p>Manche Moderatoren von Panels oder Workshops m\u00f6chten bei ihren Veranstaltungen nicht gefilmt oder fotografiert werden. Sie werden dies zu beginn ihres Programmpunktes sagen. Dann sind Fotos oder Videoaufnahmen verboten. Wenn sie dich im Nachhinein bitten, Fotos oder Videos zu l\u00f6schen, dann l\u00f6sche sie. <\/p>\n\n\n\n<p>Fotografen der Nachtlicht Con werden die Veranstaltung dokumentieren. Das Orgateam beh\u00e4lt es sich vor, Bilder oder Videos an die Presse herauszugeben. Das Bildmaterial kann sp\u00e4ter als Werbemittel f\u00fcr dieses oder kommende Events verwendet werden. Dabei kann die Werbung sowohl gedruckt, als auch online erfolgen.  <\/p>\n\n\n\n<p> Presse und Medien k\u00f6nnen uns bez\u00fcglich eines Besuchs <a href=\"mail@nachtlichtcon.de\">kontaktieren<\/a>.    <\/p>\n\n\n\n<h2 class=\"wp-block-heading\" id=\"anti-harassment\">Bel\u00e4stigung <\/h2>\n\n\n\n<p>Auf der Nachtlicht Con wird keine Art von Beleidigung oder Bel\u00e4stigung toleriert. Jeder, der einen anderen Besucher bel\u00e4stigt, wird von der Veranstaltung ausgeschlossen. Es gibt keine Entsch\u00e4digung und keine R\u00fcckzahlung des Ticketpreises. <\/p>\n\n\n\n<p>     Bel\u00e4stigungen beinhalten (sind aber nicht darauf beschr\u00e4nkt): <\/p>\n\n\n\n<ul><li>Anst\u00f6\u00dfige oder unerw\u00fcnschte Kommentare \u00fcber das Aussehen ( inklusive Cosplay), das Geschlecht, die Ethnie, physische oder menthale Beeintr\u00e4chtigungen oder der Religion<\/li><li>Anfertigen von Fotografieren oder Videos ohne die Erlaubnis der Person <\/li><li>Einsch\u00fcchtern oder Verfolgen, das beinhaltet auch die st\u00e4ndige Kontaktaufnahme zu einem anderen Besucher, der bereits deutlich gemacht hat, dass er keinen Kontakt m\u00f6chte  <\/li><li>Unangemessenes Unterbrechen von Gespr\u00e4chen oder anderen Events, besonders dann, wenn die Orga oder ein Moderator bereits deutlich gemacht hat, dass aufgeh\u00f6rt werden soll<\/li><li>Jegliche Art von nicht gew\u00fcnschtem k\u00f6rperlichen Kontakt<\/li><\/ul>\n\n\n\n<p> Teilnehmerinnen und Teilnehmer, die dazu aufgefordert werden, Bel\u00e4stigungen einzustellen, m\u00fcssen dem direkt nachkommen. Falls du dich bel\u00e4stigt f\u00fchlst oder jemanden beobachtest, der bel\u00e4stigt wird, dann sprich mit einem Helfer oder der Orga. <\/p>\n\n\n\n<h2 class=\"wp-block-heading\" id=\"press-media\">Presseregeln<\/h2>\n\n\n\n<p>Mitarbeiter der Presse m\u00fcssen uns <a href=\"mail@nachtlichtcon.de\">kontaktieren <\/a>und dar\u00fcber informieren, warum sie die Nachtlicht Con besuchen m\u00f6chten. Wir behalten es uns vor, nur ausgew\u00e4hlte Pressevertreter einzuladen. Diese Erlaubnis kann jederzeit widerrufen werden, auch w\u00e4hrend der Veranstaltung.<\/p>\n\n\n\n<p> Pressemitarbeiter brauchen f\u00fcr jedes Foto oder Video eine Einverst\u00e4ndsniserkl\u00e4rung der abgebildeten Personen.<\/p>\n","protected":false},"excerpt":{"rendered":"<p>Stand: Oktober 2019 Es gibt einige Hausregeln der Jugendherberge und einige eigene Regeln, die dazu f\u00fchren sollen, dass sich alle Besucher der Nachtlichtcon wohlf\u00fchren. Bitte lest sie sorgf\u00e4ltig, da die Zustimmung zu diesen Regeln Bedingung daf\u00fcr ist, dass ihr an der Con teilnehmen k\u00f6nnt. Die meisten Regeln sind nicht aus konkreten Vorf\u00e4llen erwachsen, sondern stammen<\/p>\n<p><a href=\"https:\/\/nachtlichtcon.de\/?page_id=92\" class=\"more-link\">Weiterlesen<\/a><\/p>\n","protected":false},"author":2,"featured_media":0,"parent":0,"menu_order":0,"comment_status":"closed","ping_status":"closed","template":"","meta":{"footnotes":""},"_links":{"self":[{"href":"https:\/\/nachtlichtcon.de\/index.php?rest_route=\/wp\/v2\/pages\/92"}],"collection":[{"href":"https:\/\/nachtlichtcon.de\/index.php?rest_route=\/wp\/v2\/pages"}],"about":[{"href":"https:\/\/nachtlichtcon.de\/index.php?rest_route=\/wp\/v2\/types\/page"}],"author":[{"embeddable":true,"href":"https:\/\/nachtlichtcon.de\/index.php?rest_route=\/wp\/v2\/users\/2"}],"replies":[{"embeddable":true,"href":"https:\/\/nachtlichtcon.de\/index.php?rest_route=%2Fwp%2Fv2%2Fcomments&post=92"}],"version-history":[{"count":5,"href":"https:\/\/nachtlichtcon.de\/index.php?rest_route=\/wp\/v2\/pages\/92\/revisions"}],"predecessor-version":[{"id":170,"href":"https:\/\/nachtlichtcon.de\/index.php?rest_route=\/wp\/v2\/pages\/92\/revisions\/170"}],"wp:attachment":[{"href":"https:\/\/nachtlichtcon.de\/index.php?rest_route=%2Fwp%2Fv2%2Fmedia&parent=92"}],"curies":[{"name":"wp","href":"https:\/\/api.w.org\/{rel}","templated":true}]}}