{"id":88,"date":"2019-10-08T18:48:14","date_gmt":"2019-10-08T18:48:14","guid":{"rendered":"https:\/\/nachtlichtcon.de\/?page_id=88"},"modified":"2022-05-05T20:08:29","modified_gmt":"2022-05-05T20:08:29","slug":"impressum","status":"publish","type":"page","link":"https:\/\/nachtlichtcon.de\/?page_id=88","title":{"rendered":"Impressum"},"content":{"rendered":"\n<p><\/p>\n\n\n\n<h4 class=\"wp-block-heading\">Angaben gem\u00e4\u00df \u00a7 5 TMG <\/h4>\n\n\n\n<p>Anna Lehnh\u00e4user<br>Ruhrstra\u00dfe 9<br>59872 Meschede<\/p>\n\n\n\n<p><\/p>\n\n\n\n<p>Ko<strong>ntakt <\/strong><\/p>\n\n\n\n<p> E-Mail: <a href=\"mailto:info@nrwedu.de\">mail@nachtlichtcon.de<\/a><\/p>\n\n\n\n<p><strong>Haftung f\u00fcr Inhalte <\/strong><\/p>\n\n\n\n<p>Als Betreiber dieser Website sind wir gem\u00e4\u00df \u00a7 7 Abs.1 TMG f\u00fcr eigene \nInhalte auf diesen Seiten nach den allgemeinen Gesetzen verantwortlich. \nNach \u00a7\u00a7 8 bis 10 TMG sind wir als Diensteanbieter jedoch nicht \nverpflichtet, \u00fcbermittelte oder gespeicherte fremde Informationen zu \n\u00fcberwachen oder nach Umst\u00e4nden zu forschen, die auf eine rechtswidrige \nT\u00e4tigkeit hinweisen. <\/p>\n\n\n\n<p>Verpflichtungen zur Entfernung oder Sperrung der Nutzung von Informationen nach den allgemeinen\nGesetzen bleiben hiervon unber\u00fchrt. Eine diesbez\u00fcgliche Haftung ist jedoch erst ab dem Zeitpunkt der\nKenntnis einer konkreten Rechtsverletzung m\u00f6glich. Bei Bekanntwerden von entsprechenden\nRechtsverletzungen werden wir diese Inhalte umgehend entfernen.\n<\/p>\n\n\n\n<p><strong>Haftung f\u00fcr Links\n<\/strong><\/p>\n\n\n\n<p>Unser Angebot enth\u00e4lt Links zu externen Websites Dritter, auf deren Inhalte wir keinen Einfluss haben.\nDeshalb k\u00f6nnen wir f\u00fcr diese fremden Inhalte auch keine Gew\u00e4hr \u00fcbernehmen. F\u00fcr die Inhalte der\nverlinkten Seiten ist stets der jeweilige Anbieter oder Betreiber der Seiten verantwortlich. Die verlinkten\nSeiten wurden zum Zeitpunkt der Verlinkung auf m\u00f6gliche Rechtsverst\u00f6\u00dfe \u00fcberpr\u00fcft. Rechtswidrige Inhalte\nwaren zum Zeitpunkt der Verlinkung nicht erkennbar.\n<\/p>\n\n\n\n<p>Eine permanente inhaltliche Kontrolle der verlinkten Seiten ist \njedoch ohne konkrete Anhaltspunkte einer Rechtsverletzung nicht \nzumutbar. Bei Bekanntwerden von Rechtsverletzungen werden wir derartige \nLinks umgehend entfernen. <\/p>\n\n\n\n<p><strong>Urheberrecht\n<\/strong><\/p>\n\n\n\n<p>Die durch die Seitenbetreiber erstellten Inhalte und Werke auf diesen\n Seiten unterliegen dem deutschen Urheberrecht. Die Vervielf\u00e4ltigung, \nBearbeitung, Verbreitung und jede Art der Verwertung au\u00dferhalb der \nGrenzen des Urheberrechtes bed\u00fcrfen der schriftlichen Zustimmung des \njeweiligen Autors bzw. Erstellers. Downloads und Kopien dieser Seite \nsind nur f\u00fcr den privaten, nicht kommerziellen Gebrauch gestattet. <\/p>\n\n\n\n<p>Soweit die Inhalte auf dieser Seite nicht vom Betreiber erstellt wurden, werden die Urheberrechte Dritter\nbeachtet. Insbesondere werden Inhalte Dritter als solche gekennzeichnet. Sollten Sie trotzdem auf eine\nUrheberrechtsverletzung aufmerksam werden, bitten wir um einen entsprechenden Hinweis. Bei\nBekanntwerden von Rechtsverletzungen werden wir derartige Inhalte umgehend entfernen.\n<\/p>\n\n\n\n<p>Erstellt mit <a rel=\"noreferrer noopener\" href=\"https:\/\/www.e-recht24.de\/impressum-generator.html\" target=\"_blank\">www.e-recht2<\/a><a href=\"https:\/\/www.e-recht24.de\/impressum-generator.html\" target=\"_blank\" rel=\"noreferrer noopener\">4<\/a><a rel=\"noreferrer noopener\" href=\"https:\/\/www.e-recht24.de\/impressum-generator.html\" target=\"_blank\">.de<\/a>  <\/p>\n\n\n\n<hr class=\"wp-block-separator\"\/>\n","protected":false},"excerpt":{"rendered":"<p>Angaben gem\u00e4\u00df \u00a7 5 TMG Anna Lehnh\u00e4userRuhrstra\u00dfe 959872 Meschede Kontakt E-Mail: mail@nachtlichtcon.de Haftung f\u00fcr Inhalte Als Betreiber dieser Website sind wir gem\u00e4\u00df \u00a7 7 Abs.1 TMG f\u00fcr eigene Inhalte auf diesen Seiten nach den allgemeinen Gesetzen verantwortlich. Nach \u00a7\u00a7 8 bis 10 TMG sind wir als Diensteanbieter jedoch nicht verpflichtet, \u00fcbermittelte oder gespeicherte fremde Informationen<\/p>\n<p><a href=\"https:\/\/nachtlichtcon.de\/?page_id=88\" class=\"more-link\">Weiterlesen<\/a><\/p>\n","protected":false},"author":2,"featured_media":0,"parent":0,"menu_order":0,"comment_status":"closed","ping_status":"closed","template":"","meta":{"footnotes":""},"_links":{"self":[{"href":"https:\/\/nachtlichtcon.de\/index.php?rest_route=\/wp\/v2\/pages\/88"}],"collection":[{"href":"https:\/\/nachtlichtcon.de\/index.php?rest_route=\/wp\/v2\/pages"}],"about":[{"href":"https:\/\/nachtlichtcon.de\/index.php?rest_route=\/wp\/v2\/types\/page"}],"author":[{"embeddable":true,"href":"https:\/\/nachtlichtcon.de\/index.php?rest_route=\/wp\/v2\/users\/2"}],"replies":[{"embeddable":true,"href":"https:\/\/nachtlichtcon.de\/index.php?rest_route=%2Fwp%2Fv2%2Fcomments&post=88"}],"version-history":[{"count":6,"href":"https:\/\/nachtlichtcon.de\/index.php?rest_route=\/wp\/v2\/pages\/88\/revisions"}],"predecessor-version":[{"id":454,"href":"https:\/\/nachtlichtcon.de\/index.php?rest_route=\/wp\/v2\/pages\/88\/revisions\/454"}],"wp:attachment":[{"href":"https:\/\/nachtlichtcon.de\/index.php?rest_route=%2Fwp%2Fv2%2Fmedia&parent=88"}],"curies":[{"name":"wp","href":"https:\/\/api.w.org\/{rel}","templated":true}]}}