{"id":70,"date":"2019-10-08T18:47:36","date_gmt":"2019-10-08T18:47:36","guid":{"rendered":"https:\/\/nachtlichtcon.de\/?page_id=70"},"modified":"2022-02-04T18:33:25","modified_gmt":"2022-02-04T18:33:25","slug":"location-und-anfahrt","status":"publish","type":"page","link":"https:\/\/nachtlichtcon.de\/?page_id=70","title":{"rendered":"Location, Anfahrt und Unterkunft"},"content":{"rendered":"\n<figure class=\"wp-block-image size-large is-resized\"><img decoding=\"async\" loading=\"lazy\" src=\"https:\/\/nachtlichtcon.de\/wp-content\/uploads\/2019\/12\/anfahrt.jpg\" alt=\"\" class=\"wp-image-297\" width=\"586\" height=\"418\" srcset=\"https:\/\/nachtlichtcon.de\/wp-content\/uploads\/2019\/12\/anfahrt.jpg 503w, https:\/\/nachtlichtcon.de\/wp-content\/uploads\/2019\/12\/anfahrt-300x214.jpg 300w\" sizes=\"(max-width: 586px) 100vw, 586px\" \/><\/figure>\n\n\n\n<p>Die Convention findet in der DJH Jugendherberge in D\u00fcsseldorf statt. Mit Jugendherbergskarte k\u00f6nnt ihr hier direkt buchen: <a href=\"https:\/\/www.jugendherberge.de\/jugendherbergen\/duesseldorf-442\/portraet\/\">https:\/\/www.jugendherberge.de\/jugendherbergen\/duesseldorf-442\/portraet\/<\/a><\/p>\n\n\n\n<p>Ohne Karte k\u00f6nnt ihr Zimmer \u00fcber diesen Link buchen: <a href=\"https:\/\/www.booking.com\/hotel\/de\/jugendherberge-dusseldorf.de.html?aid=318615&amp;label=German_Germany_DE_DE_29562095305-UdN91YSkv2N00RGQA7w67QS113417559385%3Apl%3Ata%3Ap1%3Ap2%3Aac%3Aap1t1%3Aneg%3Afi2132673094%3Atidsa-302743107265%3Alp9043809%3Ali%3Adec%3Adm&amp;sid=b7f43af8c55b72857dd1d4350cb55665&amp;dest_id=-1762397&amp;dest_type=city&amp;group_adults=2&amp;group_children=0&amp;hapos=1&amp;hpos=1&amp;no_rooms=1&amp;sr_order=popularity&amp;srepoch=1571312223&amp;srpvid=321551affa710088&amp;ucfs=1&amp;from=searchresults;highlight_room=#hotelTmpl\">http:\/\/Jugendherber D\u00fcsseldorf Booking.com<\/a> Bitte beachtet bei eurer Planung, dass die Jugendherberge folgende Zimmerkategorien anbietet: <\/p>\n\n\n\n<p>2 Sechsbettzimmer, 39 Vierbettzimmer, 25 Zweibettzimmer 30 Familienzimmer <\/p>\n\n\n\n<p>Ihr findet die Location unter der Adresse:  D\u00fcsseldorfer Str. 1, Oberkassel, 40545 D\u00fcsseldorf, Deutschland <\/p>\n\n\n\n<p>Die Jugenherberge besitzt ein Parkhaus, welches Besucher nutzen k\u00f6nnen. Es kostet 2,50 Euro je angefangene Stunde, 14,50 Euro f\u00fcr 24 Stunden.<\/p>\n\n\n\n<p>Eindr\u00fccke von unserem Raum<\/p>\n\n\n\n<figure class=\"wp-block-image\"><img decoding=\"async\" loading=\"lazy\" width=\"1024\" height=\"768\" src=\"https:\/\/nachtlichtcon.de\/wp-content\/uploads\/2019\/10\/IMG_7937-1024x768.jpg\" alt=\"\" class=\"wp-image-146\" srcset=\"https:\/\/nachtlichtcon.de\/wp-content\/uploads\/2019\/10\/IMG_7937-1024x768.jpg 1024w, https:\/\/nachtlichtcon.de\/wp-content\/uploads\/2019\/10\/IMG_7937-300x225.jpg 300w, https:\/\/nachtlichtcon.de\/wp-content\/uploads\/2019\/10\/IMG_7937-768x576.jpg 768w\" sizes=\"(max-width: 1024px) 100vw, 1024px\" \/><figcaption>Der gro\u00dfe, helle Raum bietet Platz f\u00fcr H\u00e4ndlertische und einen Pr\u00e4sentationsbereich mit Sitzm\u00f6glichkeiten.<\/figcaption><\/figure>\n\n\n\n<figure class=\"wp-block-image\"><img decoding=\"async\" loading=\"lazy\" width=\"1024\" height=\"768\" src=\"https:\/\/nachtlichtcon.de\/wp-content\/uploads\/2019\/10\/IMG_7936-1024x768.jpg\" alt=\"\" class=\"wp-image-147\" srcset=\"https:\/\/nachtlichtcon.de\/wp-content\/uploads\/2019\/10\/IMG_7936-1024x768.jpg 1024w, https:\/\/nachtlichtcon.de\/wp-content\/uploads\/2019\/10\/IMG_7936-300x225.jpg 300w, https:\/\/nachtlichtcon.de\/wp-content\/uploads\/2019\/10\/IMG_7936-768x576.jpg 768w\" sizes=\"(max-width: 1024px) 100vw, 1024px\" \/><figcaption>In diesem Bereich m\u00f6chten wir eine Art &#8218;B\u00fchnenbereich&#8216; aufbauen.<\/figcaption><\/figure>\n","protected":false},"excerpt":{"rendered":"<p>Die Convention findet in der DJH Jugendherberge in D\u00fcsseldorf statt. Mit Jugendherbergskarte k\u00f6nnt ihr hier direkt buchen: https:\/\/www.jugendherberge.de\/jugendherbergen\/duesseldorf-442\/portraet\/ Ohne Karte k\u00f6nnt ihr Zimmer \u00fcber diesen Link buchen: http:\/\/Jugendherber D\u00fcsseldorf Booking.com Bitte beachtet bei eurer Planung, dass die Jugendherberge folgende Zimmerkategorien anbietet: 2 Sechsbettzimmer, 39 Vierbettzimmer, 25 Zweibettzimmer 30 Familienzimmer Ihr findet die Location unter der<\/p>\n<p><a href=\"https:\/\/nachtlichtcon.de\/?page_id=70\" class=\"more-link\">Weiterlesen<\/a><\/p>\n","protected":false},"author":2,"featured_media":0,"parent":0,"menu_order":0,"comment_status":"closed","ping_status":"closed","template":"","meta":{"footnotes":""},"_links":{"self":[{"href":"https:\/\/nachtlichtcon.de\/index.php?rest_route=\/wp\/v2\/pages\/70"}],"collection":[{"href":"https:\/\/nachtlichtcon.de\/index.php?rest_route=\/wp\/v2\/pages"}],"about":[{"href":"https:\/\/nachtlichtcon.de\/index.php?rest_route=\/wp\/v2\/types\/page"}],"author":[{"embeddable":true,"href":"https:\/\/nachtlichtcon.de\/index.php?rest_route=\/wp\/v2\/users\/2"}],"replies":[{"embeddable":true,"href":"https:\/\/nachtlichtcon.de\/index.php?rest_route=%2Fwp%2Fv2%2Fcomments&post=70"}],"version-history":[{"count":7,"href":"https:\/\/nachtlichtcon.de\/index.php?rest_route=\/wp\/v2\/pages\/70\/revisions"}],"predecessor-version":[{"id":298,"href":"https:\/\/nachtlichtcon.de\/index.php?rest_route=\/wp\/v2\/pages\/70\/revisions\/298"}],"wp:attachment":[{"href":"https:\/\/nachtlichtcon.de\/index.php?rest_route=%2Fwp%2Fv2%2Fmedia&parent=70"}],"curies":[{"name":"wp","href":"https:\/\/api.w.org\/{rel}","templated":true}]}}