{"id":60,"date":"2019-10-08T18:46:52","date_gmt":"2019-10-08T18:46:52","guid":{"rendered":"https:\/\/nachtlichtcon.de\/?page_id=60"},"modified":"2019-12-02T19:13:02","modified_gmt":"2019-12-02T19:13:02","slug":"about-us","status":"publish","type":"page","link":"https:\/\/nachtlichtcon.de\/?page_id=60","title":{"rendered":"\u00dcber uns"},"content":{"rendered":"\n<div class=\"wp-block-columns is-layout-flex wp-container-6 wp-block-columns-is-layout-flex\">\n<div class=\"wp-block-column is-layout-flow wp-block-column-is-layout-flow\">\n<figure class=\"wp-block-image size-large\"><img decoding=\"async\" loading=\"lazy\" width=\"200\" height=\"200\" src=\"https:\/\/nachtlichtcon.de\/wp-content\/uploads\/2019\/11\/Pina.png\" alt=\"\" class=\"wp-image-232\" srcset=\"https:\/\/nachtlichtcon.de\/wp-content\/uploads\/2019\/11\/Pina.png 200w, https:\/\/nachtlichtcon.de\/wp-content\/uploads\/2019\/11\/Pina-150x150.png 150w\" sizes=\"(max-width: 200px) 100vw, 200px\" \/><figcaption>Pinacolada<\/figcaption><\/figure>\n\n\n\n<p>Hi, ich bin Pina oder Pinacolada. Langj\u00e4hrige Sammlerin und seit einiger Zeit unter Pina&#8217;s Precious bekannt, wo ich kleine Sch\u00e4tze in Nusschalen herstelle. <\/p>\n<\/div>\n\n\n\n<div class=\"wp-block-column is-layout-flow wp-block-column-is-layout-flow\">\n<figure class=\"wp-block-image size-large\"><img decoding=\"async\" loading=\"lazy\" width=\"200\" height=\"200\" src=\"https:\/\/nachtlichtcon.de\/wp-content\/uploads\/2019\/11\/Anna.png\" alt=\"\" class=\"wp-image-233\" srcset=\"https:\/\/nachtlichtcon.de\/wp-content\/uploads\/2019\/11\/Anna.png 200w, https:\/\/nachtlichtcon.de\/wp-content\/uploads\/2019\/11\/Anna-150x150.png 150w\" sizes=\"(max-width: 200px) 100vw, 200px\" \/><figcaption>Anna Pommes<\/figcaption><\/figure>\n\n\n\n<p>Hall\u00f6chen, ich bin Anna Pommes. Ich zeichne und bastel gerne kleine Dinge. Mein Schwerpunkt liegt auf Vintage und Designer-Spielzeug. Freut mich dich kennenzulernen!<\/p>\n\n\n\n<p><\/p>\n<\/div>\n\n\n\n<div class=\"wp-block-column is-layout-flow wp-block-column-is-layout-flow\">\n<figure class=\"wp-block-image size-large\"><img decoding=\"async\" loading=\"lazy\" width=\"200\" height=\"200\" src=\"https:\/\/nachtlichtcon.de\/wp-content\/uploads\/2019\/11\/Unbenannt.png\" alt=\"\" class=\"wp-image-234\" srcset=\"https:\/\/nachtlichtcon.de\/wp-content\/uploads\/2019\/11\/Unbenannt.png 200w, https:\/\/nachtlichtcon.de\/wp-content\/uploads\/2019\/11\/Unbenannt-150x150.png 150w\" sizes=\"(max-width: 200px) 100vw, 200px\" \/><figcaption>Sonnnnne<\/figcaption><\/figure>\n\n\n\n<p>Ich bin Sonnnnne und sammel seit Kindheitstagen zusammen mit meiner Freundin Flicksi Ponys. Schon vor 16 Jahren begann ich meine Homepage <a href=\"http:\/\/www.ponylande.de\">ponylande.de<\/a> mit Infos zu f\u00fcttern und werde wohl nie auslernen \ud83d\ude09<\/p>\n<\/div>\n\n\n\n<div class=\"wp-block-column is-layout-flow wp-block-column-is-layout-flow\">\n<figure class=\"wp-block-image size-large\"><img decoding=\"async\" loading=\"lazy\" width=\"200\" height=\"200\" src=\"https:\/\/nachtlichtcon.de\/wp-content\/uploads\/2019\/11\/straw_by_nana_yuka-dbrlq7z.png\" alt=\"\" class=\"wp-image-235\" srcset=\"https:\/\/nachtlichtcon.de\/wp-content\/uploads\/2019\/11\/straw_by_nana_yuka-dbrlq7z.png 200w, https:\/\/nachtlichtcon.de\/wp-content\/uploads\/2019\/11\/straw_by_nana_yuka-dbrlq7z-150x150.png 150w\" sizes=\"(max-width: 200px) 100vw, 200px\" \/><figcaption>Ona<\/figcaption><\/figure>\n\n\n\n<p>Mein Name ist Ona, begonnen Ponys zu sammeln habe ich bereits vor mehr als 10 Jahren. Ich kaufe immer nur wenige Ponys im Jahr, so dass ich noch lange etwas vom Sammeln habe \ud83d\ude42<\/p>\n<\/div>\n\n\n\n<div class=\"wp-block-column is-layout-flow wp-block-column-is-layout-flow\">\n<figure class=\"wp-block-image size-large\"><img decoding=\"async\" loading=\"lazy\" width=\"200\" height=\"200\" src=\"https:\/\/nachtlichtcon.de\/wp-content\/uploads\/2019\/12\/Fefu2-1.png\" alt=\"\" class=\"wp-image-263\" srcset=\"https:\/\/nachtlichtcon.de\/wp-content\/uploads\/2019\/12\/Fefu2-1.png 200w, https:\/\/nachtlichtcon.de\/wp-content\/uploads\/2019\/12\/Fefu2-1-150x150.png 150w\" sizes=\"(max-width: 200px) 100vw, 200px\" \/><\/figure>\n\n\n\n<p>Ich bin Feuerfunke, kurz einfach FeFu. Ponies liebe ich schon seit Kindertagen und habe sie als Jugendliche\/junge Erwachsene immer in einem gro\u00dfen Matchsack im Kleiderschrank vor meiner Mutter versteckt, weil sie meinte ich sei mittlerweile &#8222;zu alt&#8220; daf\u00fcr. Seit 1999 w\u00e4schst meine Sammlung stetig und residiert seit 2007 offiziell im extra daf\u00fcr ausgebauten Dachboden im Haus meiner Eltern.<\/p>\n<\/div>\n<\/div>\n\n\n\n<p><\/p>\n","protected":false},"excerpt":{"rendered":"<p>Hi, ich bin Pina oder Pinacolada. Langj\u00e4hrige Sammlerin und seit einiger Zeit unter Pina&#8217;s Precious bekannt, wo ich kleine Sch\u00e4tze in Nusschalen herstelle. Hall\u00f6chen, ich bin Anna Pommes. Ich zeichne und bastel gerne kleine Dinge. Mein Schwerpunkt liegt auf Vintage und Designer-Spielzeug. Freut mich dich kennenzulernen! Ich bin Sonnnnne und sammel seit Kindheitstagen zusammen mit<\/p>\n<p><a href=\"https:\/\/nachtlichtcon.de\/?page_id=60\" class=\"more-link\">Weiterlesen<\/a><\/p>\n","protected":false},"author":2,"featured_media":0,"parent":0,"menu_order":0,"comment_status":"closed","ping_status":"closed","template":"","meta":{"footnotes":""},"_links":{"self":[{"href":"https:\/\/nachtlichtcon.de\/index.php?rest_route=\/wp\/v2\/pages\/60"}],"collection":[{"href":"https:\/\/nachtlichtcon.de\/index.php?rest_route=\/wp\/v2\/pages"}],"about":[{"href":"https:\/\/nachtlichtcon.de\/index.php?rest_route=\/wp\/v2\/types\/page"}],"author":[{"embeddable":true,"href":"https:\/\/nachtlichtcon.de\/index.php?rest_route=\/wp\/v2\/users\/2"}],"replies":[{"embeddable":true,"href":"https:\/\/nachtlichtcon.de\/index.php?rest_route=%2Fwp%2Fv2%2Fcomments&post=60"}],"version-history":[{"count":9,"href":"https:\/\/nachtlichtcon.de\/index.php?rest_route=\/wp\/v2\/pages\/60\/revisions"}],"predecessor-version":[{"id":268,"href":"https:\/\/nachtlichtcon.de\/index.php?rest_route=\/wp\/v2\/pages\/60\/revisions\/268"}],"wp:attachment":[{"href":"https:\/\/nachtlichtcon.de\/index.php?rest_route=%2Fwp%2Fv2%2Fmedia&parent=60"}],"curies":[{"name":"wp","href":"https:\/\/api.w.org\/{rel}","templated":true}]}}