{"id":58,"date":"2019-10-08T18:48:47","date_gmt":"2019-10-08T18:48:47","guid":{"rendered":"https:\/\/nachtlichtcon.de\/?page_id=58"},"modified":"2019-12-06T19:01:27","modified_gmt":"2019-12-06T19:01:27","slug":"programm","status":"publish","type":"page","link":"https:\/\/nachtlichtcon.de\/?page_id=58","title":{"rendered":"Programm"},"content":{"rendered":"\n<p>Wir freuen uns euch hier unser Programm pr\u00e4sentieren zu k\u00f6nnen. Mehr dazu bald!<\/p>\n\n\n\n<p>Conbeginn: 10:00 Uhr f\u00fcr Nachtlichtticket Inhaber<br>11:00 Uhr f\u00fcr Besucher mit Baby Nachtlicht Ticket<br>Ende: 18:00 Uhr<\/p>\n","protected":false},"excerpt":{"rendered":"<p>Wir freuen uns euch hier unser Programm pr\u00e4sentieren zu k\u00f6nnen. Mehr dazu bald! Conbeginn: 10:00 Uhr f\u00fcr Nachtlichtticket Inhaber11:00 Uhr f\u00fcr Besucher mit Baby Nachtlicht TicketEnde: 18:00 Uhr<\/p>\n","protected":false},"author":2,"featured_media":0,"parent":0,"menu_order":0,"comment_status":"closed","ping_status":"closed","template":"","meta":{"footnotes":""},"_links":{"self":[{"href":"https:\/\/nachtlichtcon.de\/index.php?rest_route=\/wp\/v2\/pages\/58"}],"collection":[{"href":"https:\/\/nachtlichtcon.de\/index.php?rest_route=\/wp\/v2\/pages"}],"about":[{"href":"https:\/\/nachtlichtcon.de\/index.php?rest_route=\/wp\/v2\/types\/page"}],"author":[{"embeddable":true,"href":"https:\/\/nachtlichtcon.de\/index.php?rest_route=\/wp\/v2\/users\/2"}],"replies":[{"embeddable":true,"href":"https:\/\/nachtlichtcon.de\/index.php?rest_route=%2Fwp%2Fv2%2Fcomments&post=58"}],"version-history":[{"count":4,"href":"https:\/\/nachtlichtcon.de\/index.php?rest_route=\/wp\/v2\/pages\/58\/revisions"}],"predecessor-version":[{"id":291,"href":"https:\/\/nachtlichtcon.de\/index.php?rest_route=\/wp\/v2\/pages\/58\/revisions\/291"}],"wp:attachment":[{"href":"https:\/\/nachtlichtcon.de\/index.php?rest_route=%2Fwp%2Fv2%2Fmedia&parent=58"}],"curies":[{"name":"wp","href":"https:\/\/api.w.org\/{rel}","templated":true}]}}