{"id":393,"date":"2020-05-18T08:31:00","date_gmt":"2020-05-18T08:31:00","guid":{"rendered":"https:\/\/nachtlichtcon.de\/?page_id=393"},"modified":"2020-05-18T08:31:01","modified_gmt":"2020-05-18T08:31:01","slug":"artbook","status":"publish","type":"page","link":"https:\/\/nachtlichtcon.de\/?page_id=393","title":{"rendered":"Artbook"},"content":{"rendered":"\n<div class=\"wp-block-image\"><figure class=\"aligncenter size-large\"><a href=\"https:\/\/www.annagretstudio.de\/listing\/796410347\/preorder-mlp-artbook-bag-nachtlichtcon\"><img decoding=\"async\" src=\"https:\/\/66.media.tumblr.com\/8bced17bd147099dbcc64d5d13888d00\/921e661ca931dc6f-34\/s500x750\/c0ee937edfa2db639dc3977d85f1cd88329a51bc.jpg\" alt=\"\"\/><\/a><\/figure><\/div>\n\n\n\n<p class=\"has-text-align-center\">\u201cKunst gibt nicht das Sichtbare wieder, sondern macht sichtbar. \u201d<\/p>\n\n\n\n<p class=\"has-text-align-center\"> &#8211; Paul Klee<\/p>\n\n\n\n<div class=\"wp-block-image\"><figure class=\"aligncenter size-large\"><a href=\"https:\/\/www.annagretstudio.de\/listing\/796410347\/preorder-mlp-artbook-bag-nachtlichtcon\"><img decoding=\"async\" src=\"https:\/\/66.media.tumblr.com\/8df6cc67683f2693e2e27c9b2cbb9091\/921e661ca931dc6f-64\/s400x600\/029a93cf74a5361173a960e0e9225945089e4bd8.jpg\" alt=\"\"\/><\/a><\/figure><\/div>\n\n\n\n<p>Endlich ist es soweit! Wir freuen uns euch unser Tribut an die K\u00fcnstlerInnen in der Ponycommunity vorstellen zu k\u00f6nnen:<\/p>\n\n\n\n<p>\u201c<strong>Tr\u00e4umend im Weltraum<\/strong>\u201d ist der Titel eines Artbooks zum Thema deutscher MLP und der unendlichen Weiten des Weltalls.<\/p>\n\n\n\n<p>Dieses Artbook zeigt die Werke verschiedenster deutscher und internationaler K\u00fcnstlerInnen aus den Bereichen digitaler sowie traditioneller Illustration, modellierte Skulpturen, Resin Art, Fotografie und Customponies.<\/p>\n\n\n\n<p>Das Artbook wird als hochwertiges Hardcover in einer kleinen Auflage gedruckt und auf der NachtlichtCon2020 <strong>zusammen mit einem Canvasbeutel angeboten<\/strong> &#8211; vorbestellen k\u00f6nnt ihr es bereits jetzt in unserem Ticketshop <a href=\"https:\/\/t.umblr.com\/redirect?z=http%3A%2F%2Fwww.nachtlichtcon.de&amp;t=YzdjMWNkNmVkMjRmZTE1ZWVjOTViYjBlMGYyMmJjMzFkNjllZjJkNCwyZENNc1hhZw%3D%3D&amp;b=t%3Au2dhmJQxElJz1KO5LWp9Ag&amp;p=https%3A%2F%2Fnachtlichtcon.tumblr.com%2Fpost%2F611661070119157760%2Feng-below-kunst-gibt-nicht-das-sichtbare&amp;m=1\">hier<\/a> ! <\/p>\n\n\n\n<p>Diese k\u00f6nnen auf der Con 2021 abgeholt werden. Falls du eine postalische Zusendung w\u00fcnschst, dann bestelle bitte hier: <a href=\"https:\/\/t.umblr.com\/redirect?z=https%3A%2F%2Fwww.annagretstudio.de%2Flisting%2F796410347%2Fpreorder-mlp-artbook-bag-nachtlichtcon&amp;t=MDI1MjJiZWYwYmEwN2U3NzIzYTA3MzVkN2IzMjkwN2YxNTcwMDg2YixHYTRveXNOTQ%3D%3D&amp;b=t%3Au2dhmJQxElJz1KO5LWp9Ag&amp;p=https%3A%2F%2Fnachtlichtcon.tumblr.com%2Fpost%2F617561786755006464%2Fenglisch-below-liebe-besucherinnen-der&amp;m=1\">https:\/\/www.annagretstudio.de\/listing\/796410347\/preorder-mlp-artbook-bag-nachtlichtcon<\/a><\/p>\n\n\n\n<div class=\"wp-block-image\"><figure class=\"aligncenter size-large is-resized\"><img decoding=\"async\" loading=\"lazy\" src=\"https:\/\/i.etsystatic.com\/10865963\/r\/il\/e89621\/2361493843\/il_fullxfull.2361493843_fg7u.jpg\" alt=\"\" width=\"313\" height=\"417\"\/><\/figure><\/div>\n\n\n\n<p><strong>Einige der europ\u00e4ischen K\u00fcnstler werden auf der NachtlichtCon pers\u00f6nlich anwesend sein, so k\u00f6nnt ihr direkt Autogramme in eurem Artbook sammeln. &#8211; schnappt sie euch alle! \ud83d\ude09<\/strong><\/p>\n\n\n\n<p><\/p>\n\n\n\n<div class=\"wp-block-image\"><figure class=\"aligncenter size-large\"><a href=\"https:\/\/www.annagretstudio.de\/listing\/796410347\/preorder-mlp-artbook-bag-nachtlichtcon\"><img decoding=\"async\" src=\"https:\/\/66.media.tumblr.com\/cd18188ca0f89c3e0964563e5d0f0929\/6cc0211d4aeca30a-70\/s500x750\/65cb5c949773a1c257b9d6b53946ed7c4d17391f.jpg\" alt=\"\"\/><\/a><\/figure><\/div>\n\n\n\n<p><\/p>\n","protected":false},"excerpt":{"rendered":"<p>\u201cKunst gibt nicht das Sichtbare wieder, sondern macht sichtbar. \u201d &#8211; Paul Klee Endlich ist es soweit! Wir freuen uns euch unser Tribut an die K\u00fcnstlerInnen in der Ponycommunity vorstellen zu k\u00f6nnen: \u201cTr\u00e4umend im Weltraum\u201d ist der Titel eines Artbooks zum Thema deutscher MLP und der unendlichen Weiten des Weltalls. Dieses Artbook zeigt die Werke<\/p>\n<p><a href=\"https:\/\/nachtlichtcon.de\/?page_id=393\" class=\"more-link\">Weiterlesen<\/a><\/p>\n","protected":false},"author":3,"featured_media":0,"parent":0,"menu_order":0,"comment_status":"closed","ping_status":"closed","template":"","meta":{"footnotes":""},"_links":{"self":[{"href":"https:\/\/nachtlichtcon.de\/index.php?rest_route=\/wp\/v2\/pages\/393"}],"collection":[{"href":"https:\/\/nachtlichtcon.de\/index.php?rest_route=\/wp\/v2\/pages"}],"about":[{"href":"https:\/\/nachtlichtcon.de\/index.php?rest_route=\/wp\/v2\/types\/page"}],"author":[{"embeddable":true,"href":"https:\/\/nachtlichtcon.de\/index.php?rest_route=\/wp\/v2\/users\/3"}],"replies":[{"embeddable":true,"href":"https:\/\/nachtlichtcon.de\/index.php?rest_route=%2Fwp%2Fv2%2Fcomments&post=393"}],"version-history":[{"count":1,"href":"https:\/\/nachtlichtcon.de\/index.php?rest_route=\/wp\/v2\/pages\/393\/revisions"}],"predecessor-version":[{"id":394,"href":"https:\/\/nachtlichtcon.de\/index.php?rest_route=\/wp\/v2\/pages\/393\/revisions\/394"}],"wp:attachment":[{"href":"https:\/\/nachtlichtcon.de\/index.php?rest_route=%2Fwp%2Fv2%2Fmedia&parent=393"}],"curies":[{"name":"wp","href":"https:\/\/api.w.org\/{rel}","templated":true}]}}