{"id":332,"date":"2020-04-13T15:39:12","date_gmt":"2020-04-13T15:39:12","guid":{"rendered":"https:\/\/nachtlichtcon.de\/?page_id=332"},"modified":"2020-04-17T12:43:05","modified_gmt":"2020-04-17T12:43:05","slug":"__trashed","status":"publish","type":"page","link":"https:\/\/nachtlichtcon.de\/?page_id=332","title":{"rendered":"#CreateWithNachtlicht"},"content":{"rendered":"\n<p>Unter diesem Hashtag m\u00f6chten wir euch gerne kreative Ideen pr\u00e4sentieren, die euch in der Coronazeit begleiten und euch in der soziale Isolation oder bei Langeweile helfen sollen. Wenn ihr kreativ geworden seid, dann teilt eure Beitr\u00e4ge gerne mit dem #CreateWithNachtlicht, damit wir es reposten k\u00f6nnen. Bleibt gesund!<\/p>\n\n\n\n<p>#1 Unser erster Beitrag ist ein Kreuzstichbild unseres Baby Nachtlicht. Ihr findet in den untenstehenden PDFs verschiedene Varianten des Bildes und auch die dazugeh\u00f6rigen Farben der Stickgarne.<\/p>\n\n\n\n<div class=\"wp-block-image\"><figure class=\"aligncenter size-large is-resized\"><img decoding=\"async\" loading=\"lazy\" src=\"https:\/\/nachtlichtcon.de\/wp-content\/uploads\/2020\/04\/photo_2020-04-13_18-09-09-1-1024x1024.jpg\" alt=\"\" class=\"wp-image-360\" width=\"320\" height=\"320\" srcset=\"https:\/\/nachtlichtcon.de\/wp-content\/uploads\/2020\/04\/photo_2020-04-13_18-09-09-1-1024x1024.jpg 1024w, https:\/\/nachtlichtcon.de\/wp-content\/uploads\/2020\/04\/photo_2020-04-13_18-09-09-1-300x300.jpg 300w, https:\/\/nachtlichtcon.de\/wp-content\/uploads\/2020\/04\/photo_2020-04-13_18-09-09-1-150x150.jpg 150w, https:\/\/nachtlichtcon.de\/wp-content\/uploads\/2020\/04\/photo_2020-04-13_18-09-09-1-768x768.jpg 768w, https:\/\/nachtlichtcon.de\/wp-content\/uploads\/2020\/04\/photo_2020-04-13_18-09-09-1.jpg 1280w\" sizes=\"(max-width: 320px) 100vw, 320px\" \/><\/figure><\/div>\n\n\n\n<div class=\"wp-block-columns is-layout-flex wp-container-3 wp-block-columns-is-layout-flex\">\n<div class=\"wp-block-column is-layout-flow wp-block-column-is-layout-flow\">\n<div class=\"wp-block-file\"><a href=\"https:\/\/nachtlichtcon.de\/wp-content\/uploads\/2020\/04\/FULL-SW-nachtlicht-dreaming-in-space.pdf\">FULL- SW-nachtlicht-dreaming-in-space<\/a><a href=\"https:\/\/nachtlichtcon.de\/wp-content\/uploads\/2020\/04\/FULL-SW-nachtlicht-dreaming-in-space.pdf\" class=\"wp-block-file__button\" download>Herunterladen<\/a><\/div>\n<\/div>\n\n\n\n<div class=\"wp-block-column is-layout-flow wp-block-column-is-layout-flow\">\n<div class=\"wp-block-file\"><a href=\"https:\/\/nachtlichtcon.de\/wp-content\/uploads\/2020\/04\/FULL-COLOR-nachtlicht-dreaming-in-space.pdf\">FULL- COLOR-nachtlicht-dreaming-in-space<\/a><a href=\"https:\/\/nachtlichtcon.de\/wp-content\/uploads\/2020\/04\/FULL-COLOR-nachtlicht-dreaming-in-space.pdf\" class=\"wp-block-file__button\" download>Herunterladen<\/a><\/div>\n<\/div>\n<\/div>\n\n\n\n<div class=\"wp-block-columns is-layout-flex wp-container-10 wp-block-columns-is-layout-flex\">\n<div class=\"wp-block-column is-layout-flow wp-block-column-is-layout-flow\">\n<div class=\"wp-block-file\"><a href=\"https:\/\/nachtlichtcon.de\/wp-content\/uploads\/2020\/04\/NOBG-SW-nachtlicht-dreaming-in-space.pdf\">NOBG-SW-nachtlicht-dreaming-in-space<\/a><a href=\"https:\/\/nachtlichtcon.de\/wp-content\/uploads\/2020\/04\/NOBG-SW-nachtlicht-dreaming-in-space.pdf\" class=\"wp-block-file__button\" download>Herunterladen<\/a><\/div>\n<\/div>\n\n\n\n<div class=\"wp-block-column is-layout-flow wp-block-column-is-layout-flow\">\n<div class=\"wp-block-file\"><a href=\"https:\/\/nachtlichtcon.de\/wp-content\/uploads\/2020\/04\/NOBG-COLOR-nachtlicht-dreaming-in-space.pdf\">NOBG-COLOR-nachtlicht-dreaming-in-space<\/a><a href=\"https:\/\/nachtlichtcon.de\/wp-content\/uploads\/2020\/04\/NOBG-COLOR-nachtlicht-dreaming-in-space.pdf\" class=\"wp-block-file__button\" download>Herunterladen<\/a><\/div>\n\n\n\n<div class=\"wp-block-columns is-layout-flex wp-container-7 wp-block-columns-is-layout-flex\">\n<div class=\"wp-block-column is-layout-flow wp-block-column-is-layout-flow\"><\/div>\n\n\n\n<div class=\"wp-block-column is-layout-flow wp-block-column-is-layout-flow\"><\/div>\n<\/div>\n\n\n\n<hr class=\"wp-block-separator\"\/>\n\n\n\n<p><\/p>\n<\/div>\n\n\n\n<div class=\"wp-block-column is-layout-flow wp-block-column-is-layout-flow\">\n<div class=\"wp-block-file\"><a href=\"https:\/\/nachtlichtcon.de\/wp-content\/uploads\/2020\/04\/MOONSTARS-SWCOLOR-nachtlicht-dreaming-in-space.pdf\">MOONSTARS-SW+COLOR-nachtlicht-dreaming-in-space<\/a><a href=\"https:\/\/nachtlichtcon.de\/wp-content\/uploads\/2020\/04\/MOONSTARS-SWCOLOR-nachtlicht-dreaming-in-space.pdf\" class=\"wp-block-file__button\" download>Herunterladen<\/a><\/div>\n<\/div>\n<\/div>\n\n\n\n<p>#2 Fensterbild &#8211; Dieses transparente Fensterbild kann zu einer Nachtlicht oder einem anderen Pony werden. Nimm einfach ein paar Filzstifte und male die ausgedruckte Vorlage mit kr\u00e4ftigen Farben aus. Streiche nun etwas \u00d6l \u00fcber dein Bild, so dass es transparent wird. Fertig ist dein neues Fensterbild! Wir freuen uns, wenn du es mit dem Hashtag #CreateWithNachtlicht zeigst. Viel Spa\u00df dabei!<\/p>\n\n\n\n<div class=\"wp-block-image\"><figure class=\"aligncenter size-large is-resized\"><img decoding=\"async\" loading=\"lazy\" src=\"https:\/\/nachtlichtcon.de\/wp-content\/uploads\/2020\/04\/photo_2020-04-12_17-16-52-1-1024x768.jpg\" alt=\"\" class=\"wp-image-367\" width=\"464\" height=\"348\" srcset=\"https:\/\/nachtlichtcon.de\/wp-content\/uploads\/2020\/04\/photo_2020-04-12_17-16-52-1-1024x768.jpg 1024w, https:\/\/nachtlichtcon.de\/wp-content\/uploads\/2020\/04\/photo_2020-04-12_17-16-52-1-300x225.jpg 300w, https:\/\/nachtlichtcon.de\/wp-content\/uploads\/2020\/04\/photo_2020-04-12_17-16-52-1-768x576.jpg 768w, https:\/\/nachtlichtcon.de\/wp-content\/uploads\/2020\/04\/photo_2020-04-12_17-16-52-1.jpg 1280w\" sizes=\"(max-width: 464px) 100vw, 464px\" \/><\/figure><\/div>\n\n\n\n<div class=\"wp-block-file\"><a href=\"https:\/\/nachtlichtcon.de\/wp-content\/uploads\/2020\/04\/window-coloring-nachtlicht-dreaming-in-space.pdf\">window-coloring-nachtlicht-dreaming-in-space<\/a><a href=\"https:\/\/nachtlichtcon.de\/wp-content\/uploads\/2020\/04\/window-coloring-nachtlicht-dreaming-in-space.pdf\" class=\"wp-block-file__button\" download>Herunterladen<\/a><\/div>\n\n\n\n<hr class=\"wp-block-separator\"\/>\n\n\n\n<p>#3 Fensterbild mit Transparentpapier &#8211; Dieses Fensterbild leuchtet wundersch\u00f6ne bei Tageslicht. Nimm Tonkarton und etwas Transparentpapier, schneide den Rahmen aus und f\u00fclle das Innere mit transparentem Papier. Es entsteht ein toller Eyecatcher f\u00fcr deine<\/p>\n\n\n\n<p> Fensterscheiben. Wir freuen uns, wenn du es mit dem Hashtag #CreateWithNachtlicht zeigst. Viel Spa\u00df dabei!<\/p>\n\n\n\n<div class=\"wp-block-image\"><figure class=\"aligncenter size-large\"><img decoding=\"async\" loading=\"lazy\" width=\"775\" height=\"496\" src=\"https:\/\/nachtlichtcon.de\/wp-content\/uploads\/2020\/04\/TransparentFensterbild-1.png\" alt=\"\" class=\"wp-image-384\" srcset=\"https:\/\/nachtlichtcon.de\/wp-content\/uploads\/2020\/04\/TransparentFensterbild-1.png 775w, https:\/\/nachtlichtcon.de\/wp-content\/uploads\/2020\/04\/TransparentFensterbild-1-300x192.png 300w, https:\/\/nachtlichtcon.de\/wp-content\/uploads\/2020\/04\/TransparentFensterbild-1-768x492.png 768w\" sizes=\"(max-width: 775px) 100vw, 775px\" \/><\/figure><\/div>\n\n\n\n<div class=\"wp-block-file\"><a href=\"https:\/\/nachtlichtcon.de\/wp-content\/uploads\/2020\/04\/window-crafting-nachtlicht-dreaming-in-space-2-1.pdf\">window-crafting-nachtlicht-dreaming-in-space-2-1<\/a><a href=\"https:\/\/nachtlichtcon.de\/wp-content\/uploads\/2020\/04\/window-crafting-nachtlicht-dreaming-in-space-2-1.pdf\" class=\"wp-block-file__button\" download>Herunterladen<\/a><\/div>\n","protected":false},"excerpt":{"rendered":"<p>Unter diesem Hashtag m\u00f6chten wir euch gerne kreative Ideen pr\u00e4sentieren, die euch in der Coronazeit begleiten und euch in der soziale Isolation oder bei Langeweile helfen sollen. Wenn ihr kreativ geworden seid, dann teilt eure Beitr\u00e4ge gerne mit dem #CreateWithNachtlicht, damit wir es reposten k\u00f6nnen. Bleibt gesund! #1 Unser erster Beitrag ist ein Kreuzstichbild unseres<\/p>\n<p><a href=\"https:\/\/nachtlichtcon.de\/?page_id=332\" class=\"more-link\">Weiterlesen<\/a><\/p>\n","protected":false},"author":2,"featured_media":0,"parent":0,"menu_order":0,"comment_status":"closed","ping_status":"closed","template":"","meta":{"footnotes":""},"_links":{"self":[{"href":"https:\/\/nachtlichtcon.de\/index.php?rest_route=\/wp\/v2\/pages\/332"}],"collection":[{"href":"https:\/\/nachtlichtcon.de\/index.php?rest_route=\/wp\/v2\/pages"}],"about":[{"href":"https:\/\/nachtlichtcon.de\/index.php?rest_route=\/wp\/v2\/types\/page"}],"author":[{"embeddable":true,"href":"https:\/\/nachtlichtcon.de\/index.php?rest_route=\/wp\/v2\/users\/2"}],"replies":[{"embeddable":true,"href":"https:\/\/nachtlichtcon.de\/index.php?rest_route=%2Fwp%2Fv2%2Fcomments&post=332"}],"version-history":[{"count":13,"href":"https:\/\/nachtlichtcon.de\/index.php?rest_route=\/wp\/v2\/pages\/332\/revisions"}],"predecessor-version":[{"id":387,"href":"https:\/\/nachtlichtcon.de\/index.php?rest_route=\/wp\/v2\/pages\/332\/revisions\/387"}],"wp:attachment":[{"href":"https:\/\/nachtlichtcon.de\/index.php?rest_route=%2Fwp%2Fv2%2Fmedia&parent=332"}],"curies":[{"name":"wp","href":"https:\/\/api.w.org\/{rel}","templated":true}]}}