{"id":323,"date":"2020-01-19T15:11:59","date_gmt":"2020-01-19T15:11:59","guid":{"rendered":"https:\/\/nachtlichtcon.de\/?page_id=323"},"modified":"2022-05-08T18:24:17","modified_gmt":"2022-05-08T18:24:17","slug":"bring-and-buy","status":"publish","type":"page","link":"https:\/\/nachtlichtcon.de\/?page_id=323","title":{"rendered":"Bring and Buy"},"content":{"rendered":"<p>\n<!--StartFragment--><\/p>\n\n\n<p>Wir freuen uns, euch unseren Bring and Buy ank\u00fcndigen zu k\u00f6nnen!<\/p>\n\n\n\n<p>Der Bring and Buy erm\u00f6glicht es euch, Ponys, Accessoires oder Merchandise anzubieten, ohne dass ihr einen Stand besitzt. Unsere Helfer verkaufen die Artikel f\u00fcr dich, w\u00e4hrend du eine sch\u00f6ne Zeit auf der Con verbringst. Bis zum Ende der Con kannst du deine nicht verkauften Artikel wieder abholen und bekommst den Gewinn. 10% des Gewinns verbleiben bei der Con. Mit diesem Geld m\u00f6chten wir die Con refinanzieren, alles \u00fcbriggebliebene Geld wird gespendet.<\/p>\n\n\n\n<p>Bitte schau dir auf der Seite &#8218;<a href=\"https:\/\/nachtlichtcon.de\/?page_id=168\">Besucher Regeln<\/a>&#8218; die genauen Regeln zum Bring and Buy an. <\/p>\n\n\n\n<p>Lade dir das <strong>Formular <\/strong>f\u00fcr den Bring and Buy am Ende dieser Seite einfach herunter. Das ausgef\u00fcllte Formular gibst du beim Bring and Buy Team ab. Jeder Verkaufsgegenstand muss mit einem Preisschild gekennzeichnet werden, die Auszeichnung muss folgenderma\u00dfen aussehen. Bitte nutze dazu die Preisschilder im Formular. Sorge daf\u00fcr, dass dein Preisschild sicher befestigt ist.<\/p>\n\n\n\n<p><\/p>\n\n\n<p><!--EndFragment--><\/p>\n\n\n<div class=\"wp-block-file\"><object class=\"wp-block-file__embed\" data=\"https:\/\/nachtlichtcon.de\/wp-content\/uploads\/2022\/05\/nachtlichtcon-deutsch-bringandbuy.pdf\" type=\"application\/pdf\" style=\"width:100%;height:600px\" aria-label=\"Einbettung von Einbettung von nachtlichtcon-deutsch-bringandbuy..\"><\/object><a id=\"wp-block-file--media-5ad938f5-45cb-4801-bd81-fc1ece08b8c6\" href=\"https:\/\/nachtlichtcon.de\/wp-content\/uploads\/2022\/05\/nachtlichtcon-deutsch-bringandbuy.pdf\">nachtlichtcon-deutsch-bringandbuy<\/a><a href=\"https:\/\/nachtlichtcon.de\/wp-content\/uploads\/2022\/05\/nachtlichtcon-deutsch-bringandbuy.pdf\" class=\"wp-block-file__button\" download aria-describedby=\"wp-block-file--media-5ad938f5-45cb-4801-bd81-fc1ece08b8c6\">Herunterladen<\/a><\/div>\n","protected":false},"excerpt":{"rendered":"<p>Wir freuen uns, euch unseren Bring and Buy ank\u00fcndigen zu k\u00f6nnen! Der Bring and Buy erm\u00f6glicht es euch, Ponys, Accessoires oder Merchandise anzubieten, ohne dass ihr einen Stand besitzt. Unsere Helfer verkaufen die Artikel f\u00fcr dich, w\u00e4hrend du eine sch\u00f6ne Zeit auf der Con verbringst. Bis zum Ende der Con kannst du deine nicht verkauften<\/p>\n<p><a href=\"https:\/\/nachtlichtcon.de\/?page_id=323\" class=\"more-link\">Weiterlesen<\/a><\/p>\n","protected":false},"author":2,"featured_media":0,"parent":0,"menu_order":0,"comment_status":"closed","ping_status":"closed","template":"","meta":{"footnotes":""},"_links":{"self":[{"href":"https:\/\/nachtlichtcon.de\/index.php?rest_route=\/wp\/v2\/pages\/323"}],"collection":[{"href":"https:\/\/nachtlichtcon.de\/index.php?rest_route=\/wp\/v2\/pages"}],"about":[{"href":"https:\/\/nachtlichtcon.de\/index.php?rest_route=\/wp\/v2\/types\/page"}],"author":[{"embeddable":true,"href":"https:\/\/nachtlichtcon.de\/index.php?rest_route=\/wp\/v2\/users\/2"}],"replies":[{"embeddable":true,"href":"https:\/\/nachtlichtcon.de\/index.php?rest_route=%2Fwp%2Fv2%2Fcomments&post=323"}],"version-history":[{"count":3,"href":"https:\/\/nachtlichtcon.de\/index.php?rest_route=\/wp\/v2\/pages\/323\/revisions"}],"predecessor-version":[{"id":457,"href":"https:\/\/nachtlichtcon.de\/index.php?rest_route=\/wp\/v2\/pages\/323\/revisions\/457"}],"wp:attachment":[{"href":"https:\/\/nachtlichtcon.de\/index.php?rest_route=%2Fwp%2Fv2%2Fmedia&parent=323"}],"curies":[{"name":"wp","href":"https:\/\/api.w.org\/{rel}","templated":true}]}}