{"id":300,"date":"2020-01-04T15:22:18","date_gmt":"2020-01-04T15:22:18","guid":{"rendered":"https:\/\/nachtlichtcon.de\/?page_id=300"},"modified":"2022-02-23T15:22:31","modified_gmt":"2022-02-23T15:22:31","slug":"wettbewerbe","status":"publish","type":"page","link":"https:\/\/nachtlichtcon.de\/?page_id=300","title":{"rendered":"Wettbewerbe"},"content":{"rendered":"\n<p>Bei jedem Wettbewerb m\u00fcssen mindestens 3 Teilnehmerinnen\/ Teilnehmer mitmachen. Du kannst auch an mehreren Wettbewerben teilnehmen, allerdings immer nur mit einer Einreichung. Als Kinder z\u00e4hlen Besucher bis zu 16 Jahren. Die Wettbewerbsbeitr\u00e4ge sollen einfach zur Con mitgebracht werden, dort werden sie am Einlass oder bei einem Orgamitglied abgegeben. Die Teilnahme ist kostenlos.<\/p>\n\n\n\n<div class=\"wp-block-columns is-layout-flex wp-container-3 wp-block-columns-is-layout-flex\">\n<div class=\"wp-block-column is-layout-flow wp-block-column-is-layout-flow\">\n<p>Customs Kinder<\/p>\n<\/div>\n\n\n\n<div class=\"wp-block-column is-layout-flow wp-block-column-is-layout-flow\">\n<p>Jede Art von Custom ist in diesem Wettbewerb erlaubt, sie m\u00fcssen nur von Kindern bis 16 Jahren erstellt worden sein.<\/p>\n<\/div>\n<\/div>\n\n\n\n<div class=\"wp-block-columns is-layout-flex wp-container-6 wp-block-columns-is-layout-flex\">\n<div class=\"wp-block-column is-layout-flow wp-block-column-is-layout-flow\">\n<p>Malwettbewerb Kinder<\/p>\n<\/div>\n\n\n\n<div class=\"wp-block-column is-layout-flow wp-block-column-is-layout-flow\">\n<p>Wir suchen sch\u00f6ne gemalte oder gezeichnete Bilder von Ponys. Du darsft maximal 16 Jahre alt sein, um mitzumachen. Glitzer, buntes Papier und farbenfrohe Motive sind gerne gesehen.<\/p>\n<\/div>\n<\/div>\n\n\n\n<div class=\"wp-block-columns is-layout-flex wp-container-9 wp-block-columns-is-layout-flex\">\n<div class=\"wp-block-column is-layout-flow wp-block-column-is-layout-flow\">\n<p>Malwettbewerb Erwachsene<\/p>\n<\/div>\n\n\n\n<div class=\"wp-block-column is-layout-flow wp-block-column-is-layout-flow\">\n<p>Zeigt uns eure Kunstwerke , egal ob digital oder traditionell, alle Ponykunstwerke sind hier gerne gesehen.<\/p>\n\n\n\n<p><strong>Thema: Ponys auf Reisen<\/strong><\/p>\n<\/div>\n<\/div>\n\n\n\n<div class=\"wp-block-columns is-layout-flex wp-container-12 wp-block-columns-is-layout-flex\">\n<div class=\"wp-block-column is-layout-flow wp-block-column-is-layout-flow\">\n<p>Custom Fantasy<\/p>\n<\/div>\n\n\n\n<div class=\"wp-block-column is-layout-flow wp-block-column-is-layout-flow\">\n<p>Die Kategorie, in der alles erlaubt ist. Zeigt uns euer sch\u00f6nstes Custom!<\/p>\n<\/div>\n<\/div>\n\n\n\n<div class=\"wp-block-columns is-layout-flex wp-container-15 wp-block-columns-is-layout-flex\">\n<div class=\"wp-block-column is-layout-flow wp-block-column-is-layout-flow\">\n<p>Custom Alternate Rehair<\/p>\n<\/div>\n\n\n\n<div class=\"wp-block-column is-layout-flow wp-block-column-is-layout-flow\">\n<p>In diesem Wettbewerb nehmt ihr ein Pony, dass ihr so lasst, wie es ist, es bekommt aber eine neue, individuelle M\u00e4hne und einen neuen Schweif von euch.<\/p>\n<\/div>\n<\/div>\n\n\n\n<div class=\"wp-block-columns is-layout-flex wp-container-18 wp-block-columns-is-layout-flex\">\n<div class=\"wp-block-column is-layout-flow wp-block-column-is-layout-flow\">\n<p>Custom Generation Mash Up<\/p>\n<\/div>\n\n\n\n<div class=\"wp-block-column is-layout-flow wp-block-column-is-layout-flow\">\n<p>Ein Pony von einer Generation in einer anderen neu interpretieren? Daf\u00fcr haben wir diese Kategorie, zeigt uns, wie Flutterbye als G4 aussieht oder habt ihr andere Ideen? Her damit!<\/p>\n<\/div>\n<\/div>\n\n\n\n<div class=\"wp-block-columns is-layout-flex wp-container-21 wp-block-columns-is-layout-flex\">\n<div class=\"wp-block-column is-layout-flow wp-block-column-is-layout-flow\">\n<p>Kreativwettbewerb<\/p>\n<\/div>\n\n\n\n<div class=\"wp-block-column is-layout-flow wp-block-column-is-layout-flow\">\n<p>Basteln ist nicht so eure Sache, daf\u00fcr aber n\u00e4hen, h\u00e4keln, stricken oder sonst eine andere kreative Arbeit? Zeigt uns hier eure kreativen Erg\u00fcsse. Jede Art von kreativem Handwerk ist erlaubt.<\/p>\n<\/div>\n<\/div>\n\n\n\n<div class=\"wp-block-columns is-layout-flex wp-container-24 wp-block-columns-is-layout-flex\">\n<div class=\"wp-block-column is-layout-flow wp-block-column-is-layout-flow\">\n<p>Sch\u00f6nster Stand<\/p>\n<\/div>\n\n\n\n<div class=\"wp-block-column is-layout-flow wp-block-column-is-layout-flow\">\n<p>Ihr gebt euch als H\u00e4ndler besondere M\u00fche mit eurem Stand? Das m\u00f6chten wir belohnen! Aus allen St\u00e4nden w\u00e4hlen wir f\u00fcr diese Kategorie die sch\u00f6nsten aus. Jeder H\u00e4ndler nimmt automatisch an der Auswahl teil, au\u00dfer er meldet sich bei uns ab.<\/p>\n<\/div>\n<\/div>\n","protected":false},"excerpt":{"rendered":"<p>Bei jedem Wettbewerb m\u00fcssen mindestens 3 Teilnehmerinnen\/ Teilnehmer mitmachen. Du kannst auch an mehreren Wettbewerben teilnehmen, allerdings immer nur mit einer Einreichung. Als Kinder z\u00e4hlen Besucher bis zu 16 Jahren. Die Wettbewerbsbeitr\u00e4ge sollen einfach zur Con mitgebracht werden, dort werden sie am Einlass oder bei einem Orgamitglied abgegeben. Die Teilnahme ist kostenlos. Customs Kinder Jede<\/p>\n<p><a href=\"https:\/\/nachtlichtcon.de\/?page_id=300\" class=\"more-link\">Weiterlesen<\/a><\/p>\n","protected":false},"author":2,"featured_media":0,"parent":0,"menu_order":0,"comment_status":"closed","ping_status":"closed","template":"","meta":{"footnotes":""},"_links":{"self":[{"href":"https:\/\/nachtlichtcon.de\/index.php?rest_route=\/wp\/v2\/pages\/300"}],"collection":[{"href":"https:\/\/nachtlichtcon.de\/index.php?rest_route=\/wp\/v2\/pages"}],"about":[{"href":"https:\/\/nachtlichtcon.de\/index.php?rest_route=\/wp\/v2\/types\/page"}],"author":[{"embeddable":true,"href":"https:\/\/nachtlichtcon.de\/index.php?rest_route=\/wp\/v2\/users\/2"}],"replies":[{"embeddable":true,"href":"https:\/\/nachtlichtcon.de\/index.php?rest_route=%2Fwp%2Fv2%2Fcomments&post=300"}],"version-history":[{"count":8,"href":"https:\/\/nachtlichtcon.de\/index.php?rest_route=\/wp\/v2\/pages\/300\/revisions"}],"predecessor-version":[{"id":453,"href":"https:\/\/nachtlichtcon.de\/index.php?rest_route=\/wp\/v2\/pages\/300\/revisions\/453"}],"wp:attachment":[{"href":"https:\/\/nachtlichtcon.de\/index.php?rest_route=%2Fwp%2Fv2%2Fmedia&parent=300"}],"curies":[{"name":"wp","href":"https:\/\/api.w.org\/{rel}","templated":true}]}}