{"id":168,"date":"2019-11-25T08:52:03","date_gmt":"2019-11-25T08:52:03","guid":{"rendered":"https:\/\/nachtlichtcon.de\/?page_id=168"},"modified":"2019-12-06T18:47:29","modified_gmt":"2019-12-06T18:47:29","slug":"haendler-regeln","status":"publish","type":"page","link":"https:\/\/nachtlichtcon.de\/?page_id=168","title":{"rendered":"H\u00e4ndler Regeln"},"content":{"rendered":"<p><!--StartFragment--><\/p>\n\n\n<p>Stand: November 2019<\/p>\n\n\n\n<p>F\u00fcr die H\u00e4ndler gelten die Besucher und einige spezielle H\u00e4ndlerregeln. An die H\u00e4ndlerregeln m\u00fcssen sich sowohl H\u00e4ndler, als auch ihre Helfer halten.   Mit der Bewerbung als H\u00e4ndler erkl\u00e4rt man sich mit den folgenden Regeln einverstanden.<\/p>\n\n\n\n<p>Details bez\u00fcglich des Aufbau, des Parkens und weitere wichtige Informationen k\u00f6nnen wir erst kurz vor Veranstaltungsbeginn bekannt geben. Dazu versenden wir eine E-Mail, sobald uns alle Informationen vorliegen. <\/p>\n\n\n\n<h2 class=\"wp-block-heading\">Generelle Regeln<\/h2>\n\n\n\n<p>Neben den oben genannten Regeln f\u00fcr Besucher m\u00fcssen auch die H\u00e4ndler den Anweisungen der Orga im Hinblick auf ihren Stand nachkommen. <\/p>\n\n\n\n<p>Falls H\u00e4ndler diese Regeln dauerhaft oder im besonderen Ma\u00dfe verletzen, kann es zu einem Verweis von der Veranstaltung ohne finanzielle Entsch\u00e4digung kommen.  Das Orgateam trifft in diesem Fall die finale Entscheidung.<\/p>\n\n\n\n<p>Die Nachtlicht Con gibt im Voraus keine Informationen bez\u00fcglich der Besuchermenge oder dem vermeintlichen Gewinn f\u00fcr einen H\u00e4ndler heraus. H\u00e4ndler m\u00fcssen \u00fcber das regul\u00e4re Ticketsystem ein Ticket erwerben, mit dem ihnen das Recht einger\u00e4umt wird, einen Stand zu betreiben.<\/p>\n\n\n\n<p>Das Orgateam versucht zu erwirken, dass der Aufbau bereits am Vorabend der Veranstaltung  m\u00f6glich wird. Allerdings haben wir von Seiten der Jugendherberge daf\u00fcr keine Sicherheit. Wir setzen aber alles daran, dies zu erm\u00f6glichen und teilen fr\u00fchzeitig mit, ob der Vorabend stundenweise zum Aufbau genutzt werden kann.<\/p>\n\n\n\n<p>Die Jugendherberge bietet limitierte Tiefgaragenpl\u00e4tze gegen Geb\u00fchr an, diese sind f\u00fcr alle Besucher offen. Die Stra\u00dfe vor der Jugendherberge bietet viele Parkpl\u00e4tze, ist aber h\u00e4ufig \u00fcberf\u00fcllt. Der Gehweg vor der Jugendherber darf nicht zum Be- und Entladen benutzt werden.<\/p>\n\n\n\n<h2 class=\"wp-block-heading\">Bedingungen f\u00fcr einen Stand<\/h2>\n\n\n\n<p><\/p>\n\n\n\n<p>Zur Bewerbung f\u00fcr einen Stand (im Folgenden auch Tisch genannt) muss ein H\u00e4ndlerticket erwoben werden. Es kann dabei zwischen einem halben und einem ganzen Tisch gew\u00e4hlt werden. Der Tisch wird dem H\u00e4ndler vom Orgateam zugewiesen. Das \u00dcbertragen des Standes an einen anderen H\u00e4ndler oder das Tauschen der Tische ist untersagt, solange es nicht mit dem Orgateam vor Beginn der Con abgesprochen wurde. Im H\u00e4ndlerticket ist neben dem Tisch auch ein Besucherticket enthalten, jeder H\u00e4ndler z\u00e4hlt somit auch als Besucher.<\/p>\n\n\n\n<h2 class=\"wp-block-heading\">Verkaufsbedingungen<\/h2>\n\n\n\n<p>Die meisten Verkaufsgegenst\u00e4nde des Standes sollten einen Bezug zu My little Pony aufweisen (minimal 80%). Falls weitere Artikel angeboten werden, sollten diese f\u00fcr die Besucher interessant und f\u00fcr jede Altersgruppe geeignet sein.<\/p>\n\n\n\n<p>Folgende Artikel d\u00fcrfen nicht angeboten werden:<\/p>\n\n\n\n<ul><li>Artikel, deren Verkauf in Deutschland nicht gestattet sind. Dies f\u00fchrt zum sofortigen Ausschluss von der Veranstaltung und einem Anruf bei der Polizei.    <\/li><li>Jegliche Artikel, die beleidigend, gewaltverherrlichend, sexuell erregend oder nur f\u00fcr ein erwachsenes Publikum geeignet ist.<\/li><li>Jegliche Artikel, die essbar oder trinkbar sind.<\/li><li>Jegliche Artikel, die Besch\u00e4digungen am Veranstaltungsort hinterlassen k\u00f6nnen, vor allem Fl\u00fcssigkeiten, die Flecken hinterlassen k\u00f6nnen.<\/li><li>Gef\u00e4hrliche oder illegale Artikel, beispielsweise :         <ul><li> Jede Art von realistischer Imitation einer Feuerwaffe <\/li><li> Airsoft oder Paintball Guns<\/li><li>Spielzeug Gewehre oder Pistolen<\/li><li>Schaumstoff Gewehre oder Pistolen (wie z.B. NERF Pistolen) <\/li><li>Artikel mit Klingen, dies beinhaltet auch Taschenmessen und Multitools, die eine Klinge besitzen<\/li><li>Laserpointer<\/li><li>Jegliche Artikel die bereits bei den Besucherregeln als verboten eingestuft werden  <\/li><\/ul><\/li><\/ul>\n\n\n\n<p>Die Entscheidung, ob ein Artikel auf der Veranstaltung angeboten werden darf, obliegt dem Orgateam<\/p>\n\n\n\n<h2 class=\"wp-block-heading\">H\u00e4ndlerticket<\/h2>\n\n\n\n<p>     Jedes H\u00e4ndlerticket besteht aus folgenden Komponenten:<\/p>\n\n\n\n<ul><li>Ein Tisch oder ein halber Tisch, die Tischgr\u00f6\u00dfe betr\u00e4gt 1,40m * 0,70m  <\/li><li>2 St\u00fchle pro ganzem Tisch, 1 Stuhl bei einem halben Tisch<\/li><li>Ein A4 Schild mit dem H\u00e4ndlernamen<\/li><li>Eine bedruckte Tasche und einen zus\u00e4tzlichen Goodiebag<\/li><li>Fr\u00fcherer Eintritt zur Veranstaltung zum Aufbau<\/li><\/ul>\n\n\n\n<p> Es gibt kein gesondertes Ticket f\u00fcr Standhelfer. Diese k\u00f6nnen mit einem regul\u00e4r erworbenen Tagesticket auch als Standhelfer eingesetzt werden. Pro Stand kann ein Standhelfer mitgebracht werden.<\/p>\n\n\n\n<p>Wir empfehlen, eigene Tischdecken oder Regale mitzubringen, die jedoch nicht im Gang und auch nicht auf Fluchtwegen aufgebaut werden d\u00fcrfen.    <\/p>\n\n\n\n<p>     Bitte beachtet folgendes: <\/p>\n\n\n\n<ul><li> Wir werden versuchen die Tische so zu verteilen, dass wir m\u00f6glichst allen Anforderungen gerecht werden (z.B. Zugang zu einer Steckdose). Es ist m\u00f6glich, dass nicht alle Anforderungen\/ W\u00fcnsche erf\u00fcllt werden k\u00f6nnen.           <\/li><\/ul>\n\n\n\n<h2 class=\"wp-block-heading\">Sicherheit<\/h2>\n\n\n\n<ul><li>  H\u00e4ndler m\u00fcssen sicherstellen, dass kein Aufbau ihres Standes die Sicherheit eines Besuchers gef\u00e4hrden kann. Es sollte somit nichts herunterfallen k\u00f6nnen oder scharfe Kanten besitzen. <\/li><li> Es darf nichts an den W\u00e4nde, dem Boden oder der Decke befestigt werden  <\/li><li>M\u00f6biliar darf nicht ohne Absprache mit dem Orgateam versetzt werden<\/li><li>Auch vor dem Tisch d\u00fcrfen Artikel platziert werden, solange ausreichend Raum f\u00fcr Besucher im Gang gew\u00e4hrleistet wird. Rollbanner und Beachflags m\u00fcssen hinter den Tischen aufgebaut werden.<\/li><li>Jegliche Stolperfallen sind nicht erlaubt.<\/li><li>Das Orgateam ist dazu berechtigt den H\u00e4ndler dazu aufzufordern, Gegenst\u00e4nde des eigenen Standes an einen anderen Ort zu stellen, wenn sie eine potenzielle Gefahr darstellen.    <\/li><li>H\u00e4ndler d\u00fcrfen nur die Steckdosen verwenden, die ihnen vom Orgateam zugewiesen wurden.   <\/li><li>Falls das Orgateam dich dazu auffordert, etwas aus einer Steckdose zu entfernen, so musst du dieser Anweisung folgen.     <\/li><li> Elektrische Artikel, die st\u00f6rend auffallen (z.B. durch laute Ger\u00e4usche, Licht oder Vibrationen) sind nicht erlaubt. <\/li><li>Lautsprecher sind nicht erlaubt.<\/li><li>Elektrische Ger\u00e4te, die zur W\u00e4rmeerzeugung oder zum K\u00fchlen gedacht sind, sind nicht erlaubt.   <\/li><li> Im Falle eines Feueralarms muss das Geb\u00e4ude ruhig, aber z\u00fcgig durch den n\u00e4chsten Notausgang verlassen werden. Artikel des H\u00e4ndlertisches sollten dort gelassen werden, um eine schnelle Evakuierung zu gew\u00e4hrleisten.     <\/li><\/ul>\n\n\n\n<h2 class=\"wp-block-heading\">Anmeldung und Einlass<\/h2>\n\n\n\n<ul><li> Alle Informationen bez\u00fcglich Anmeldung, Einlass und Parken werden auch noch einmal kurzfristig vor der Veranstaltung an alle H\u00e4ndler per Mail versendet.   <\/li><li> Vor Aufbau muss sich zun\u00e4chst beim Orgateam angemeldet werden.             <\/li><li> Der Stand muss vor dem Besuchereinlass fertig aufgebaut sein. W\u00e4hrend der Veranstaltung ist davon abzusehen, Artikel in gr\u00f6\u00dferen Mengen hineinzutragen oder herauszubringen.<\/li><li>Du bist f\u00fcr den Transport deiner Artikel verantwortlich.<\/li><li>Du bist daf\u00fcr verantwortlich, dass der Stand nach Beendigung der Veranstaltung so hinterlassen wird, wie er vorgefunden wurde. Das Orgateam ist nicht dazu verpflichtet, dir beim Abbau zu helfen, ist aber sicherlich bereit zu unterst\u00fctzen.<\/li><\/ul>\n\n\n\n<h2 class=\"wp-block-heading\">Sicherheit and liability<\/h2>\n\n\n\n<p>Du bist daf\u00fcr verantwortlich, dass an deinem Stand keine Besch\u00e4digungen, Verluste oder Diebst\u00e4hle stattfinden. Das Orgateam kann daf\u00fcr nicht verantwortlich gemacht werden. Auch f\u00fcr deine pers\u00f6nlichen Wertgegenst\u00e4nde bist du selbst verantwortlich. Wir empfehlen, dass dein Stand immer besetzt ist und besonders auf die Kasse gut achtgegeben wird.<\/p>\n\n\n\n<h2 class=\"wp-block-heading\">Werbung<\/h2>\n\n\n\n<p>Falls du die Nachtlicht Con innerhalb deiner eigenen Kan\u00e4le bewirbst, achte bitte auf folgende Bedingungen:<\/p>\n\n\n\n<ul><li>Die Veranstaltung tr\u00e4gt den Namen &#8218;Nachtlicht Con&#8216;<\/li><li>Lint zu unserer Website &#8222;<a rel=\"noreferrer noopener\" aria-label=\" (\u00f6ffnet in neuem Tab)\" href=\"http:\/\/www.nachtlichtcon.de\" target=\"_blank\">http:\/\/www.nachtlichtcon.de<\/a>&#8222;, nicht zu unserem Ticketshop<\/li><li>Erzeuge nicht den Eindruck, dass du Teil der Organisation der Nachtlicht Con bist<\/li><\/ul>\n\n\n\n<h2 class=\"wp-block-heading\">Kontakte und weitere Informationen<\/h2>\n\n\n\n<p> H\u00e4ndler k\u00f6nnen uns unter der E-Mail Adresse mail@nachtlichtcon.de mit dem Betreff &#8218;H\u00e4ndler&#8216; kontaktieren .<\/p>\n\n\n\n<p>Bitte wendet euch bei jeglichen Fragen zur Veranstaltung an das Orgateam und nicht direkt an die Jugendherberge.<\/p>\n\n\n\n<p>Bei Fragen w\u00e4hrend der Nachtlicht Con steht dir das Orgateam gerne zur Verf\u00fcgung.<\/p>\n\n\n<p><!--EndFragment--><\/p>","protected":false},"excerpt":{"rendered":"<p>Stand: November 2019 F\u00fcr die H\u00e4ndler gelten die Besucher und einige spezielle H\u00e4ndlerregeln. An die H\u00e4ndlerregeln m\u00fcssen sich sowohl H\u00e4ndler, als auch ihre Helfer halten. Mit der Bewerbung als H\u00e4ndler erkl\u00e4rt man sich mit den folgenden Regeln einverstanden. Details bez\u00fcglich des Aufbau, des Parkens und weitere wichtige Informationen k\u00f6nnen wir erst kurz vor Veranstaltungsbeginn bekannt<\/p>\n<p><a href=\"https:\/\/nachtlichtcon.de\/?page_id=168\" class=\"more-link\">Weiterlesen<\/a><\/p>\n","protected":false},"author":2,"featured_media":0,"parent":0,"menu_order":0,"comment_status":"closed","ping_status":"closed","template":"","meta":{"footnotes":""},"_links":{"self":[{"href":"https:\/\/nachtlichtcon.de\/index.php?rest_route=\/wp\/v2\/pages\/168"}],"collection":[{"href":"https:\/\/nachtlichtcon.de\/index.php?rest_route=\/wp\/v2\/pages"}],"about":[{"href":"https:\/\/nachtlichtcon.de\/index.php?rest_route=\/wp\/v2\/types\/page"}],"author":[{"embeddable":true,"href":"https:\/\/nachtlichtcon.de\/index.php?rest_route=\/wp\/v2\/users\/2"}],"replies":[{"embeddable":true,"href":"https:\/\/nachtlichtcon.de\/index.php?rest_route=%2Fwp%2Fv2%2Fcomments&post=168"}],"version-history":[{"count":3,"href":"https:\/\/nachtlichtcon.de\/index.php?rest_route=\/wp\/v2\/pages\/168\/revisions"}],"predecessor-version":[{"id":280,"href":"https:\/\/nachtlichtcon.de\/index.php?rest_route=\/wp\/v2\/pages\/168\/revisions\/280"}],"wp:attachment":[{"href":"https:\/\/nachtlichtcon.de\/index.php?rest_route=%2Fwp%2Fv2%2Fmedia&parent=168"}],"curies":[{"name":"wp","href":"https:\/\/api.w.org\/{rel}","templated":true}]}}